{"id":25,"date":"2017-08-17T07:44:29","date_gmt":"2017-08-17T07:44:29","guid":{"rendered":"http:\/\/localhost\/Themes\/2017\/Vision\/Website_WP\/index.php\/financial-services\/"},"modified":"2022-11-08T00:18:23","modified_gmt":"2022-11-07T22:18:23","slug":"buchhaltung-personalverrechnung","status":"publish","type":"page","link":"https:\/\/www.sonnleitner-consulting.at\/www\/leistungen\/buchhaltung-personalverrechnung\/","title":{"rendered":"Buchhaltung &#038; Personalverrechnung"},"content":{"rendered":"<div>\n<h1>Buchhaltung &#038; Personalverrechnung<\/h1>\n<\/div>\n<div>\n<p>        <img decoding=\"async\" src=\"\/www\/wp-content\/uploads\/services-03-financial-services.svg\" alt=\"\"><\/p>\n<h1>Buchhaltung &#038; Personalverrechnung<\/h1>\n<div>\n<p>Ihr Erfolg l\u00e4sst sich steuern<\/p>\n<\/div>\n<\/div>\n<div>\n<h3>Keine unangenehmen \u00dcberraschungen<\/h3>\n<div>\n<p>Keine unangenehmen \u00dcberraschungen \u2013 das bringt Ihnen die Auslagerung Ihrer Buchhaltung und Personalverrechnung.<br \/>Behalten Sie einen freien Kopf f\u00fcr die Kernaufgaben Ihres Unternehmens.<\/p>\n<\/div>\n<\/div>\n<h2>Leistungs\u00fcbersicht <br \/>Buchhaltung<\/h2>\n<div>\n<p>Wir \u00fcbernehmen gerne die F\u00fchrung Ihrer Buchhaltung und stellen Ihnen regelm\u00e4\u00dfig kurzfristige Erfolgsanalysen zur Verf\u00fcgung. So erhalten Sie mit minimalem Aufwand einen \u00dcberblick \u00fcber die Entwicklung Ihrer Ertr\u00e4ge und Aufwendungen. Grundlage f\u00fcr eine ordnungsgem\u00e4\u00dfe Buchhaltung ist die gewissenhafte Sammlung aller Belege Ihres Unternehmens. Wir garantieren Ihnen eine professionelle und automatisationsgest\u00fctzte Erledigung.<\/p>\n<\/div>\n<ul>\n<li>\n<div>Informationen \u00fcber Ihren Gesch\u00e4ftsverlauf\n<\/div>\n<\/li>\n<li>\n<div>Erstellen von Auswertungen und kurzfristigen Erfolgsrechnungen<\/div>\n<\/li>\n<li>\n<div>\n<p>Periodengerechte Abgrenzung<\/p>\n<\/div>\n<\/li>\n<li>\n<div>\n<p>Buchhaltung<\/p>\n<\/div>\n<\/li>\n<li>\n<div>Jahres- und Konzernabschlusserstellung\n<\/div>\n<\/li>\n<li>\n<div>Controlling Services\n<\/div>\n<\/li>\n<li>\n<div>Rechnungswesen<\/div>\n<\/li>\n<li>\n<div>Kostenrechnung<\/div>\n<\/li>\n<li>\n<div>\n<p>Verwaltung der offenen Posten von Klienten und Lieferanten<\/p>\n<\/div>\n<\/li>\n<\/ul>\n<ul>\n<li>\n<div>\n<p>Belegsortierung<\/p>\n<\/div>\n<\/li>\n<li>\n<div>Kontrolle der Rechnungsmerkmale\n<\/div>\n<\/li>\n<li>\n<div>Kontieren und Verbuchen der einzelnen Gesch\u00e4ftsf\u00e4lle\n<\/div>\n<\/li>\n<li>\n<div>\n<p>Erstellen der Saldenliste\u00a0<\/p>\n<\/div>\n<\/li>\n<li>\n<div>\n<p>Monatliche bzw. quartalsm\u00e4\u00dfige Auswertungen<\/p>\n<\/div>\n<\/li>\n<li>\n<div>\n<p>Regelm\u00e4\u00dfige Kontenabstimmung<\/p>\n<\/div>\n<\/li>\n<li>\n<div>\n<p>Umsatzsteuervoranmeldungen (UVA)<\/p>\n<\/div>\n<\/li>\n<li>\n<div>Zusammenfassende Meldungen\n<\/div>\n<\/li>\n<li>\n<div>Meldungen an die Abgabenbeh\u00f6rde<\/div>\n<\/li>\n<\/ul>\n<h2>Leistungs\u00fcbersicht <br \/>Personalverrechnung<\/h2>\n<div>\n<p>Lohn- und Gehaltsverrechnung z\u00e4hlt heute zu den kompliziertesten Materien des Steuerrechts, daher sind st\u00e4ndig aktualisierte Fachkenntnisse von besonderer Bedeutung. Die Zusammenarbeit mit Sonnleitner Consulting garantiert Ihnen die korrekte Abwicklung Ihrer Lohnverrechnung. Dar\u00fcber hinaus unterst\u00fctzen wir Sie bei arbeitsrechtlichen Entscheidungen und beraten Sie bei der kosteneffizienten Rekrutierung von Personal.<\/p>\n<\/div>\n<ul>\n<li>\n<div>\n<p>Laufende Lohn- &amp; Gehaltsabrechnungen<\/p>\n<\/div>\n<\/li>\n<li>\n<div>Lohnkontenf\u00fchrung<\/div>\n<\/li>\n<li>\n<div>\n<p>Ein- &amp; Austritte Dienstnehmer (An- &amp; Abmeldungen)<\/p>\n<\/div>\n<\/li>\n<li>\n<div>Dienstgeberabgaben<\/div>\n<\/li>\n<li>\n<div>\u00dcberstundenverrechnung<\/div>\n<\/li>\n<li>\n<div>Zulagen- &#038; Zuschlagsberechnung<\/div>\n<\/li>\n<li>\n<div>Sonderzahlungen<\/div>\n<\/li>\n<li>\n<div>\n<p>K\u00fcndigungsentsch\u00e4digungen<\/p>\n<\/div>\n<\/li>\n<li>\n<div>Lohnzettel<\/div>\n<\/li>\n<li>\n<div>Auszahlungsjournal f\u00fcr Beh\u00f6rden und Dienstnehmer<\/div>\n<\/li>\n<\/ul>\n<ul>\n<li>\n<div>Aufrollungen<\/div>\n<\/li>\n<li>\n<div>\n<p>Verwaltung &amp; Berechnung von Exekutionen und\u00a0 Pf\u00e4ndungen von Dienstnehmern<\/p>\n<\/div>\n<\/li>\n<li>\n<div>Drittschuldnererkl\u00e4rungen<\/div>\n<\/li>\n<li>\n<div>\n<p>Unterst\u00fctzung bei der Vertragsgestaltung <br \/>(KV-Einstufung etc.)<\/p>\n<\/div>\n<\/li>\n<li>\n<div>Steuerliche Kontrolle von Dienst- &#038; Werkvertr\u00e4gen<\/div>\n<\/li>\n<li>\n<div>\n<p>Sozialversicherungsberatung<\/p>\n<\/div>\n<\/li>\n<li>\n<div>Kommunalsteuererkl\u00e4rungen<\/div>\n<\/li>\n<li>\n<div>Auszahlungsjournal f\u00fcr Beh\u00f6rden und Dienstnehmer<\/div>\n<\/li>\n<li>\n<div>\n<p>Meldewesen gegen\u00fcber den Beh\u00f6rden (mBGM, LST, SV)<\/p>\n<\/div>\n<\/li>\n<li>\n<div>Betriebspr\u00fcfungen (GPLA)<\/div>\n<\/li>\n<\/ul>\n<h2>Weitere Leistungen<\/h2>\n<ul>\n<li>\n<p>        <img decoding=\"async\" src=\"\/www\/wp-content\/uploads\/services-01-tax-planning.svg\" alt=\"\"><\/p>\n<h3>Steuerberatung<\/h3>\n<p><a href=\"\/www\/leistungen\/steuerberatung\/\">Mehr erfahren<\/a><\/p>\n<\/li>\n<li>\n<p>        <img decoding=\"async\" src=\"\/www\/wp-content\/uploads\/services-02-legal-advisory.svg\" alt=\"\"><\/p>\n<h3>Unternehmensberatung<\/h3>\n<p><a href=\"\/www\/leistungen\/unternehmensberatung\/\">Mehr erfahren<\/a><\/p>\n<\/li>\n<\/ul>\n<p><!--more--><br \/>\n<!-- {\"name\":\"\",\"type\":\"layout\",\"children\":[{\"name\":\"hero\",\"type\":\"section\",\"props\":{\"style\":\"default\",\"width\":\"expand\",\"vertical_align\":\"middle\",\"title_position\":\"top-left\",\"title_rotation\":\"left\",\"title_breakpoint\":\"xl\",\"image_position\":\"center-center\",\"padding_remove_top\":false,\"image\":\"wp-content\\\/uploads\\\/financial-services-hero.jpg\",\"css\":\".el-section > [class*='uk-background-'] { min-height: 40vh; }\",\"image_effect\":\"parallax\",\"image_width\":\"1560\",\"padding\":\"large\",\"image_parallax_bgy\":\"0,120\",\"image_parallax_easing\":\"1\",\"image_size\":\"cover\"},\"children\":[{\"name\":\"\",\"type\":\"row\",\"props\":{\"layout\":\"large,expand\"},\"children\":[{\"name\":\"\",\"type\":\"column\",\"props\":{\"image_position\":\"center-center\",\"media_overlay_gradient\":\"\",\"width_medium\":\"2xlarge\",\"position_sticky_breakpoint\":\"m\"},\"children\":[{\"type\":\"panel\",\"props\":{\"link_text\":\"Read more\",\"title_hover_style\":\"reset\",\"title_element\":\"h1\",\"title_align\":\"top\",\"title_grid_width\":\"1-2\",\"title_grid_breakpoint\":\"m\",\"meta_style\":\"text-meta\",\"meta_align\":\"below-title\",\"image_align\":\"top\",\"image_grid_width\":\"1-2\",\"image_grid_breakpoint\":\"m\",\"image_svg_color\":\"emphasis\",\"link_style\":\"default\",\"margin\":\"default\",\"panel_style\":\"card-primary\",\"title_style\":\"h2\",\"title\":\"Buchhaltung & Personalverrechnung\",\"content\":\"\",\"icon_width\":80,\"panel_padding\":\"default\",\"meta_element\":\"div\",\"content_column_breakpoint\":\"m\"}}]},{\"type\":\"column\",\"props\":{\"image_position\":\"center-center\",\"media_overlay_gradient\":\"\",\"width_medium\":\"expand\",\"position_sticky_breakpoint\":\"m\"},\"children\":[]}]}]},{\"name\":\"\",\"type\":\"section\",\"props\":{\"style\":\"default\",\"width\":\"default\",\"vertical_align\":\"middle\",\"title_position\":\"top-left\",\"title_rotation\":\"left\",\"title_breakpoint\":\"xl\",\"image_position\":\"center-center\",\"animation\":\"fade\",\"animation_delay\":\"200\"},\"children\":[{\"name\":\"\",\"type\":\"row\",\"children\":[{\"name\":\"\",\"type\":\"column\",\"props\":{\"image_position\":\"center-center\",\"media_overlay_gradient\":\"\",\"width_medium\":\"1-1\",\"position_sticky_breakpoint\":\"m\"},\"children\":[{\"name\":\"\",\"type\":\"panel\",\"props\":{\"link_text\":\"Read more\",\"title_element\":\"h1\",\"meta_style\":\"text-meta\",\"meta_align\":\"below-title\",\"image_align\":\"top\",\"image_grid_width\":\"1-2\",\"link_style\":\"default\",\"margin\":\"default\",\"title\":\"Buchhaltung & Personalverrechnung\",\"content\":\"\n\n<p>Ihr Erfolg l\\u00e4sst sich steuern<\\\/p>\",\"image\":\"wp-content\\\/uploads\\\/services-03-financial-services.svg\",\"title_style\":\"h1\",\"content_style\":\"text-lead\",\"maxwidth\":\"large\",\"image_svg_color\":\"primary\",\"image_svg_inline\":true,\"image_svg_animate\":true,\"title_hover_style\":\"reset\",\"title_align\":\"top\",\"title_grid_width\":\"1-2\",\"title_grid_breakpoint\":\"m\",\"image_grid_breakpoint\":\"m\",\"icon_width\":80,\"panel_padding\":\"\",\"panel_card_size\":\"\",\"meta_element\":\"div\",\"content_column_breakpoint\":\"m\"}},{\"type\":\"module_position\",\"props\":{\"layout\":\"stack\",\"breakpoint\":\"m\",\"content\":\"builder-1\"}}]}]}]},{\"name\":\"Content\",\"type\":\"section\",\"props\":{\"style\":\"default\",\"width\":\"default\",\"vertical_align\":\"middle\",\"title_position\":\"top-left\",\"title_rotation\":\"left\",\"title_breakpoint\":\"xl\",\"image_position\":\"center-center\",\"padding_remove_top\":true,\"animation_delay\":false,\"padding_remove_bottom\":false},\"children\":[{\"name\":\"\",\"type\":\"row\",\"props\":{\"margin\":\"xlarge\",\"column_gap\":\"large\",\"row_gap\":\"large\"},\"children\":[{\"name\":\"\",\"type\":\"column\",\"props\":{\"image_position\":\"center-center\",\"media_overlay_gradient\":\"\",\"width_medium\":\"1-1\",\"position_sticky_breakpoint\":\"m\"},\"children\":[{\"name\":\"\",\"type\":\"panel\",\"props\":{\"link_text\":\"Read more\",\"title_element\":\"h3\",\"meta_style\":\"text-meta\",\"meta_align\":\"below-title\",\"image_align\":\"top\",\"image_grid_width\":\"1-2\",\"link_style\":\"default\",\"margin\":\"default\",\"title\":\"Keine unangenehmen \\u00dcberraschungen\",\"content\":\"\n\n<p>Keine unangenehmen \\u00dcberraschungen \\u2013 das bringt Ihnen die Auslagerung Ihrer Buchhaltung und Personalverrechnung.<br \\\/>Behalten Sie einen freien Kopf f\\u00fcr die Kernaufgaben Ihres Unternehmens.<\\\/p>\",\"title_decoration\":\"line\",\"image_svg_color\":\"emphasis\",\"title_hover_style\":\"reset\",\"title_align\":\"top\",\"title_grid_width\":\"1-2\",\"title_grid_breakpoint\":\"m\",\"image_grid_breakpoint\":\"m\",\"icon_width\":80,\"panel_padding\":\"\",\"panel_card_size\":\"\",\"meta_element\":\"div\",\"content_column_breakpoint\":\"m\"}}]}]}]},{\"name\":\"Leistungs\\u00fcbersicht Buchhaltung\",\"type\":\"section\",\"props\":{\"style\":\"default\",\"width\":\"default\",\"vertical_align\":\"middle\",\"title_position\":\"top-left\",\"title_rotation\":\"left\",\"title_breakpoint\":\"xl\",\"image_position\":\"center-center\",\"padding_remove_bottom\":false,\"animation_delay\":false,\"padding_remove_top\":true},\"children\":[{\"name\":\"\",\"type\":\"row\",\"children\":[{\"name\":\"\",\"type\":\"column\",\"props\":{\"image_position\":\"center-center\",\"media_overlay_gradient\":\"\",\"width_medium\":\"1-1\",\"position_sticky_breakpoint\":\"m\"},\"children\":[{\"name\":\"\",\"type\":\"headline\",\"props\":{\"title_element\":\"h2\",\"content\":\"Leistungs\\u00fcbersicht <br \\\/>Buchhaltung\",\"title_color\":\"primary\",\"title_style\":\"h1\"}},{\"name\":\"\",\"type\":\"text\",\"props\":{\"margin\":\"default\",\"column_breakpoint\":\"m\",\"content\":\"\"}},{\"type\":\"text\",\"props\":{\"margin\":\"default\",\"column_breakpoint\":\"m\",\"content\":\"\n\n<p>Wir \\u00fcbernehmen gerne die F\\u00fchrung Ihrer Buchhaltung und stellen Ihnen regelm\\u00e4\\u00dfig kurzfristige Erfolgsanalysen zur Verf\\u00fcgung. So erhalten Sie mit minimalem Aufwand einen \\u00dcberblick \\u00fcber die Entwicklung Ihrer Ertr\\u00e4ge und Aufwendungen. Grundlage f\\u00fcr eine ordnungsgem\\u00e4\\u00dfe Buchhaltung ist die gewissenhafte Sammlung aller Belege Ihres Unternehmens. Wir garantieren Ihnen eine professionelle und automatisationsgest\\u00fctzte Erledigung.<\\\/p>\"}}]}]},{\"name\":\"\",\"type\":\"row\",\"props\":{\"layout\":\"1-2,1-2\",\"column_gap\":\"large\",\"row_gap\":\"large\"},\"children\":[{\"name\":\"\",\"type\":\"column\",\"props\":{\"image_position\":\"center-center\",\"media_overlay_gradient\":\"\",\"width_medium\":\"1-2\",\"position_sticky_breakpoint\":\"m\"},\"children\":[{\"name\":\"\",\"type\":\"list\",\"props\":{\"show_image\":true,\"show_link\":true,\"image_align\":\"left\",\"list_style\":\"divider\",\"content_style\":null,\"image_svg_color\":\"emphasis\",\"image_vertical_align\":true,\"list_size\":\"\",\"list_type\":\"vertical\",\"list_element\":\"ul\",\"list_horizontal_separator\":\", \",\"column_breakpoint\":\"m\"},\"children\":[{\"name\":\"\",\"type\":\"list_item\",\"props\":{\"content\":\"Informationen \\u00fcber Ihren Gesch\\u00e4ftsverlauf\\n\",\"icon\":\"check\"}},{\"name\":\"\",\"type\":\"list_item\",\"props\":{\"content\":\"Erstellen von Auswertungen und kurzfristigen Erfolgsrechnungen\",\"icon\":\"check\"}},{\"name\":\"\",\"type\":\"list_item\",\"props\":{\"content\":\"\n\n<p>Periodengerechte Abgrenzung<\\\/p>\",\"icon\":\"check\"}},{\"name\":\"\",\"type\":\"list_item\",\"props\":{\"content\":\"\n\n<p>Buchhaltung<\\\/p>\",\"icon\":\"check\"}},{\"name\":\"\",\"type\":\"list_item\",\"props\":{\"content\":\"Jahres- und Konzernabschlusserstellung\\n\",\"icon\":\"check\"}},{\"name\":\"\",\"type\":\"list_item\",\"props\":{\"content\":\"Controlling Services\\n\",\"icon\":\"check\"}},{\"name\":\"\",\"type\":\"list_item\",\"props\":{\"content\":\"Rechnungswesen\",\"icon\":\"check\"}},{\"name\":\"\",\"type\":\"list_item\",\"props\":{\"content\":\"Kostenrechnung\",\"icon\":\"check\"}},{\"name\":\"\",\"type\":\"list_item\",\"props\":{\"content\":\"\n\n<p>Verwaltung der offenen Posten von Klienten und Lieferanten<\\\/p>\",\"icon\":\"check\"}}]}]},{\"name\":\"\",\"type\":\"column\",\"props\":{\"image_position\":\"center-center\",\"media_overlay_gradient\":\"\",\"width_medium\":\"1-2\",\"position_sticky_breakpoint\":\"m\"},\"children\":[{\"name\":\"\",\"type\":\"list\",\"props\":{\"show_image\":true,\"show_link\":true,\"image_align\":\"left\",\"list_style\":\"divider\",\"content_style\":null,\"image_svg_color\":\"emphasis\",\"image_vertical_align\":true,\"list_size\":\"\",\"list_type\":\"vertical\",\"list_element\":\"ul\",\"list_horizontal_separator\":\", \",\"column_breakpoint\":\"m\"},\"children\":[{\"name\":\"\",\"type\":\"list_item\",\"props\":{\"content\":\"\n\n<p>Belegsortierung<\\\/p>\",\"icon\":\"check\"}},{\"name\":\"\",\"type\":\"list_item\",\"props\":{\"content\":\"Kontrolle der Rechnungsmerkmale\\n\",\"icon\":\"check\"}},{\"name\":\"\",\"type\":\"list_item\",\"props\":{\"content\":\"Kontieren und Verbuchen der einzelnen Gesch\\u00e4ftsf\\u00e4lle\\n\",\"icon\":\"check\"}},{\"name\":\"\",\"type\":\"list_item\",\"props\":{\"content\":\"\n\n<p>Erstellen der Saldenliste\\u00a0<\\\/p>\",\"icon\":\"check\"}},{\"name\":\"\",\"type\":\"list_item\",\"props\":{\"content\":\"\n\n<p>Monatliche bzw. quartalsm\\u00e4\\u00dfige Auswertungen<\\\/p>\",\"icon\":\"check\"}},{\"name\":\"\",\"type\":\"list_item\",\"props\":{\"content\":\"\n\n<p>Regelm\\u00e4\\u00dfige Kontenabstimmung<\\\/p>\",\"icon\":\"check\"}},{\"name\":\"\",\"type\":\"list_item\",\"props\":{\"content\":\"\n\n<p>Umsatzsteuervoranmeldungen (UVA)<\\\/p>\",\"icon\":\"check\"}},{\"name\":\"\",\"type\":\"list_item\",\"props\":{\"content\":\"Zusammenfassende Meldungen\\n\",\"icon\":\"check\"}},{\"name\":\"\",\"type\":\"list_item\",\"props\":{\"content\":\"Meldungen an die Abgabenbeh\\u00f6rde\",\"icon\":\"check\"}}]}]}]}]},{\"name\":\"Leistungs\\u00fcbersicht Personalverrechnung\",\"type\":\"section\",\"props\":{\"style\":\"default\",\"width\":\"default\",\"vertical_align\":\"middle\",\"title_position\":\"top-left\",\"title_rotation\":\"left\",\"title_breakpoint\":\"xl\",\"image_position\":\"center-center\",\"padding_remove_bottom\":false,\"animation_delay\":false,\"padding_remove_top\":true},\"children\":[{\"name\":\"\",\"type\":\"row\",\"children\":[{\"name\":\"\",\"type\":\"column\",\"props\":{\"image_position\":\"center-center\",\"media_overlay_gradient\":\"\",\"width_medium\":\"1-1\",\"position_sticky_breakpoint\":\"m\"},\"children\":[{\"name\":\"\",\"type\":\"headline\",\"props\":{\"title_element\":\"h2\",\"content\":\"Leistungs\\u00fcbersicht <br \/>Personalverrechnung\",\"title_color\":\"primary\",\"title_style\":\"h1\"}},{\"name\":\"\",\"type\":\"text\",\"props\":{\"margin\":\"default\",\"column_breakpoint\":\"m\",\"content\":\"\"}},{\"type\":\"text\",\"props\":{\"margin\":\"default\",\"column_breakpoint\":\"m\",\"content\":\"\n\n<p>Lohn- und Gehaltsverrechnung z\\u00e4hlt heute zu den kompliziertesten Materien des Steuerrechts, daher sind st\\u00e4ndig aktualisierte Fachkenntnisse von besonderer Bedeutung. Die Zusammenarbeit mit Sonnleitner Consulting garantiert Ihnen die korrekte Abwicklung Ihrer Lohnverrechnung. Dar\\u00fcber hinaus unterst\\u00fctzen wir Sie bei arbeitsrechtlichen Entscheidungen und beraten Sie bei der kosteneffizienten Rekrutierung von Personal.<\\\/p>\"}}]}]},{\"name\":\"\",\"type\":\"row\",\"props\":{\"layout\":\"1-2,1-2\",\"column_gap\":\"large\",\"row_gap\":\"large\"},\"children\":[{\"name\":\"\",\"type\":\"column\",\"props\":{\"image_position\":\"center-center\",\"media_overlay_gradient\":\"\",\"width_medium\":\"1-2\",\"position_sticky_breakpoint\":\"m\"},\"children\":[{\"name\":\"\",\"type\":\"list\",\"props\":{\"show_image\":true,\"show_link\":true,\"image_align\":\"left\",\"list_style\":\"divider\",\"content_style\":null,\"image_svg_color\":\"emphasis\",\"image_vertical_align\":true,\"list_size\":\"\",\"list_type\":\"vertical\",\"list_element\":\"ul\",\"list_horizontal_separator\":\", \",\"column_breakpoint\":\"m\"},\"children\":[{\"name\":\"\",\"type\":\"list_item\",\"props\":{\"content\":\"\n\n<p>Laufende Lohn- &amp; Gehaltsabrechnungen<\\\/p>\",\"icon\":\"check\"}},{\"name\":\"\",\"type\":\"list_item\",\"props\":{\"content\":\"Lohnkontenf\\u00fchrung\",\"icon\":\"check\"}},{\"name\":\"\",\"type\":\"list_item\",\"props\":{\"content\":\"\n\n<p>Ein- &amp; Austritte Dienstnehmer (An- &amp; Abmeldungen)<\\\/p>\",\"icon\":\"check\"}},{\"name\":\"\",\"type\":\"list_item\",\"props\":{\"content\":\"Dienstgeberabgaben\",\"icon\":\"check\"}},{\"name\":\"\",\"type\":\"list_item\",\"props\":{\"content\":\"\\u00dcberstundenverrechnung\",\"icon\":\"check\"}},{\"name\":\"\",\"type\":\"list_item\",\"props\":{\"content\":\"Zulagen- & Zuschlagsberechnung\",\"icon\":\"check\"}},{\"name\":\"\",\"type\":\"list_item\",\"props\":{\"content\":\"Sonderzahlungen\",\"icon\":\"check\"}},{\"name\":\"\",\"type\":\"list_item\",\"props\":{\"content\":\"\n\n<p>K\\u00fcndigungsentsch\\u00e4digungen<\\\/p>\",\"icon\":\"check\"}},{\"name\":\"\",\"type\":\"list_item\",\"props\":{\"content\":\"Lohnzettel\",\"icon\":\"check\"}},{\"name\":\"\",\"type\":\"list_item\",\"props\":{\"content\":\"Auszahlungsjournal f\\u00fcr Beh\\u00f6rden und Dienstnehmer\",\"icon\":\"check\"}}]}]},{\"name\":\"\",\"type\":\"column\",\"props\":{\"image_position\":\"center-center\",\"media_overlay_gradient\":\"\",\"width_medium\":\"1-2\",\"position_sticky_breakpoint\":\"m\"},\"children\":[{\"name\":\"\",\"type\":\"list\",\"props\":{\"show_image\":true,\"show_link\":true,\"image_align\":\"left\",\"list_style\":\"divider\",\"content_style\":null,\"image_svg_color\":\"emphasis\",\"image_vertical_align\":true,\"list_size\":\"\",\"list_type\":\"vertical\",\"list_element\":\"ul\",\"list_horizontal_separator\":\", \",\"column_breakpoint\":\"m\"},\"children\":[{\"name\":\"\",\"type\":\"list_item\",\"props\":{\"content\":\"Aufrollungen\",\"icon\":\"check\"}},{\"name\":\"\",\"type\":\"list_item\",\"props\":{\"content\":\"\n\n<p>Verwaltung &amp; Berechnung von Exekutionen und\\u00a0 Pf\\u00e4ndungen von Dienstnehmern<\\\/p>\",\"icon\":\"check\"}},{\"name\":\"\",\"type\":\"list_item\",\"props\":{\"content\":\"Drittschuldnererkl\\u00e4rungen\",\"icon\":\"check\"}},{\"name\":\"\",\"type\":\"list_item\",\"props\":{\"content\":\"\n\n<p>Unterst\\u00fctzung bei der Vertragsgestaltung <br \\\/>(KV-Einstufung etc.)<\\\/p>\",\"icon\":\"check\"}},{\"name\":\"\",\"type\":\"list_item\",\"props\":{\"content\":\"Steuerliche Kontrolle von Dienst- & Werkvertr\\u00e4gen\",\"icon\":\"check\"}},{\"name\":\"\",\"type\":\"list_item\",\"props\":{\"content\":\"\n\n<p>Sozialversicherungsberatung<\\\/p>\",\"icon\":\"check\"}},{\"name\":\"\",\"type\":\"list_item\",\"props\":{\"content\":\"Kommunalsteuererkl\\u00e4rungen\",\"icon\":\"check\"}},{\"name\":\"\",\"type\":\"list_item\",\"props\":{\"content\":\"Auszahlungsjournal f\\u00fcr Beh\\u00f6rden und Dienstnehmer\",\"icon\":\"check\"}},{\"name\":\"\",\"type\":\"list_item\",\"props\":{\"content\":\"\n\n<p>Meldewesen gegen\\u00fcber den Beh\\u00f6rden (mBGM, LST, SV)<\\\/p>\",\"icon\":\"check\"}},{\"name\":\"\",\"type\":\"list_item\",\"props\":{\"content\":\"Betriebspr\\u00fcfungen (GPLA)\",\"icon\":\"check\"}}]}]}]}]},{\"name\":\"Weitere Leistungen\",\"type\":\"section\",\"props\":{\"style\":\"muted\",\"width\":\"default\",\"vertical_align\":\"middle\",\"title_position\":\"top-left\",\"title_rotation\":\"left\",\"title_breakpoint\":\"xl\",\"image_position\":\"center-center\",\"animation_delay\":false},\"children\":[{\"name\":\"\",\"type\":\"row\",\"props\":{\"margin\":\"medium\"},\"children\":[{\"name\":\"\",\"type\":\"column\",\"props\":{\"image_position\":\"center-center\",\"media_overlay_gradient\":\"\",\"width_medium\":\"1-1\",\"position_sticky_breakpoint\":\"m\"},\"children\":[{\"name\":\"\",\"type\":\"headline\",\"props\":{\"title_element\":\"h2\",\"content\":\"Weitere Leistungen\",\"title_decoration\":\"bullet\",\"title_style\":\"h3\"}},{\"name\":\"\",\"type\":\"grid\",\"props\":{\"show_title\":true,\"show_meta\":true,\"show_content\":true,\"show_image\":true,\"show_link\":true,\"grid_default\":\"1\",\"grid_medium\":\"2\",\"title_element\":\"h3\",\"meta_style\":\"text-meta\",\"meta_align\":\"below-title\",\"image_align\":\"top\",\"image_grid_width\":\"1-2\",\"link_text\":\"Mehr erfahren\",\"link_style\":\"text\",\"margin\":\"default\",\"panel_style\":\"card-default\",\"filter_style\":\"tab\",\"filter_all\":true,\"filter_position\":\"top\",\"filter_align\":\"left\",\"filter_grid_width\":\"auto\",\"image_svg_color\":\"muted\",\"item_animation\":true,\"title_hover_style\":\"reset\",\"title_align\":\"top\",\"title_grid_width\":\"1-2\",\"filter_grid_breakpoint\":\"m\",\"title_grid_breakpoint\":\"m\",\"image_grid_breakpoint\":\"m\",\"lightbox\":false,\"image_svg_inline\":true,\"image_svg_animate\":true,\"icon_width\":80,\"panel_padding\":\"default\",\"parallax_easing\":\"1\",\"meta_element\":\"div\",\"content_column_breakpoint\":\"m\"},\"children\":[{\"name\":\"\",\"type\":\"grid_item\",\"props\":{\"content\":\"\",\"title\":\"Steuerberatung\",\"link\":\"leistungen\\\/steuerberatung\\\/\",\"icon\":\"\",\"image\":\"wp-content\\\/uploads\\\/services-01-tax-planning.svg\"}},{\"name\":\"\",\"type\":\"grid_item\",\"props\":{\"content\":\"\",\"title\":\"Unternehmensberatung\",\"link\":\"leistungen\\\/unternehmensberatung\\\/\",\"image\":\"wp-content\\\/uploads\\\/services-02-legal-advisory.svg\"}}]}]}]}]}],\"version\":\"3.0.9\"} --><\/p>\n","protected":false},"excerpt":{"rendered":"<p>Buchhaltung &#038; Personalverrechnung Buchhaltung &#038; Personalverrechnung Ihr Erfolg l\u00e4sst sich steuern Keine unangenehmen \u00dcberraschungen Keine unangenehmen \u00dcberraschungen \u2013 das bringt Ihnen die Auslagerung Ihrer Buchhaltung und Personalverrechnung.Behalten Sie einen freien Kopf f\u00fcr die Kernaufgaben Ihres Unternehmens. Leistungs\u00fcbersicht Buchhaltung Wir \u00fcbernehmen gerne die F\u00fchrung Ihrer Buchhaltung und stellen Ihnen regelm\u00e4\u00dfig kurzfristige Erfolgsanalysen zur Verf\u00fcgung. So erhalten [&hellip;]<\/p>\n","protected":false},"author":1,"featured_media":0,"parent":20,"menu_order":3,"comment_status":"closed","ping_status":"closed","template":"","meta":{"_monsterinsights_skip_tracking":false,"_monsterinsights_sitenote_active":false,"_monsterinsights_sitenote_note":"","_monsterinsights_sitenote_category":0,"footnotes":""},"class_list":["post-25","page","type-page","status-publish","hentry"],"_links":{"self":[{"href":"https:\/\/www.sonnleitner-consulting.at\/www\/wp-json\/wp\/v2\/pages\/25","targetHints":{"allow":["GET"]}}],"collection":[{"href":"https:\/\/www.sonnleitner-consulting.at\/www\/wp-json\/wp\/v2\/pages"}],"about":[{"href":"https:\/\/www.sonnleitner-consulting.at\/www\/wp-json\/wp\/v2\/types\/page"}],"author":[{"embeddable":true,"href":"https:\/\/www.sonnleitner-consulting.at\/www\/wp-json\/wp\/v2\/users\/1"}],"replies":[{"embeddable":true,"href":"https:\/\/www.sonnleitner-consulting.at\/www\/wp-json\/wp\/v2\/comments?post=25"}],"version-history":[{"count":90,"href":"https:\/\/www.sonnleitner-consulting.at\/www\/wp-json\/wp\/v2\/pages\/25\/revisions"}],"predecessor-version":[{"id":1147,"href":"https:\/\/www.sonnleitner-consulting.at\/www\/wp-json\/wp\/v2\/pages\/25\/revisions\/1147"}],"up":[{"embeddable":true,"href":"https:\/\/www.sonnleitner-consulting.at\/www\/wp-json\/wp\/v2\/pages\/20"}],"wp:attachment":[{"href":"https:\/\/www.sonnleitner-consulting.at\/www\/wp-json\/wp\/v2\/media?parent=25"}],"curies":[{"name":"wp","href":"https:\/\/api.w.org\/{rel}","templated":true}]}}