{"id":26,"date":"2017-08-17T07:44:59","date_gmt":"2017-08-17T07:44:59","guid":{"rendered":"http:\/\/localhost\/Themes\/2017\/Vision\/Website_WP\/index.php\/legal-advisory\/"},"modified":"2022-11-08T00:16:25","modified_gmt":"2022-11-07T22:16:25","slug":"steuerberatung","status":"publish","type":"page","link":"https:\/\/www.sonnleitner-consulting.at\/www\/leistungen\/steuerberatung\/","title":{"rendered":"Steuerberatung"},"content":{"rendered":"<div>\n<h1>Steuerberatung<\/h1>\n<\/div>\n<div>\n<p>        <img decoding=\"async\" src=\"\/www\/wp-content\/uploads\/services-01-tax-planning.svg\" alt=\"\"><\/p>\n<h1>Steuerberatung<\/h1>\n<div>Ihr Erfolg l\u00e4sst sich steuern<\/div>\n<\/div>\n<div>\n<p>Aufgrund der sich st\u00e4ndig \u00e4ndernden Rahmenbedingungen ist es wichtig einen kompetenten und aktuell informierten Steuerberater an seiner Seite zu haben. Wir m\u00f6chten dieser Steuerberater f\u00fcr Sie sein.<\/p>\n<p>Als Steuerberater ist uns wichtig, alle Ihre Fragen und Anliegen rund um die schwierige Materie Steuern f\u00fcr Sie verst\u00e4ndlich zu beantworten.<\/p>\n<p>Mit uns haben Sie einen zuverl\u00e4ssigen Partner an Ihrer Seite. Weil wir wissen, dass jedes Unternehmen &amp; jeder Unternehmer eigene Bed\u00fcrfnisse haben, setzen wir auf eine intensive pers\u00f6nliche Beratung. Dazu geh\u00f6ren regelm\u00e4\u00dfige Ma\u00dfnahmen zur Steueroptimierung und betriebswirtschaftlichen Verbesserung Ihres Unternehmens. Mit unserer zukunftsorientierten Beratung entwickeln unsere Steuerberater f\u00fcr Sie ein Unternehmenskonzept f\u00fcr Ihr nachhaltiges Wachstum und Ihren Unternehmenserfolg.<\/p>\n<\/div>\n<ul>\n<li>\n<h3>Steuerbetreuung<\/h3>\n<div>\n<p>Unterst\u00fctzung und Beratung in s\u00e4mtlichen steuerlichen Angelegenheiten<\/p>\n<\/div>\n<p><a href=\"#\"><\/a><\/p>\n<\/li>\n<li>\n<h3>Steuerplanung<\/h3>\n<div>\n<p>Steuerplanung zur Senkung der Steuerbelastung<\/p>\n<\/div>\n<p><a href=\"#\"><\/a><\/p>\n<\/li>\n<li>\n<h3>Umsatz- und Verbrauchsteuern<\/h3>\n<div>\n<p>Strategische und operative Unterst\u00fctzung bei Ihren laufenden Steuererkl\u00e4rungen<\/p>\n<\/div>\n<p><a href=\"#\"><\/a><\/p>\n<\/li>\n<li>\n<h3>Jahresabschlu\u00df &#038; Co.<\/h3>\n<div>\n<p>Erstellung von Jahresabschluss, Bilanz und\/oder Einnahmen-\/Ausgaben Rechnung<\/p>\n<\/div>\n<p><a href=\"#\"><\/a><\/p>\n<\/li>\n<li>\n<h3>Steuerinformationen<\/h3>\n<div>\n<p>Laufende Information \u00fcber aktuelle steuerliche Themen, neue Rechtslagen, \u00c4nderungen, Entwicklungen<\/p>\n<\/div>\n<p><a href=\"#\"><\/a><\/p>\n<\/li>\n<li>\n<h3>Beh\u00f6rdenvertretung<\/h3>\n<div>\n<p>Vertretung vor Beh\u00f6rden (Finanzamt, Gemeinde, Gewerbebeh\u00f6rde, Wirtschaftskammer)<\/p>\n<\/div>\n<p><a href=\"#\"><\/a><\/p>\n<\/li>\n<li>\n<h3>Steueroptimierung<\/h3>\n<div>\n<p>Optimierung der steuerlichen Situation, Erarbeitung von strukturierten Modellen<\/p>\n<\/div>\n<p><a href=\"#\"><\/a><\/p>\n<\/li>\n<li>\n<h3>Unternehmens-<br \/>gr\u00fcndung<\/h3>\n<div>\n<p>Beratung und Betreuung bei der Unternehmensgr\u00fcndung <\/p>\n<\/div>\n<p><a href=\"#\"><\/a><\/p>\n<\/li>\n<li>\n<h3>Umgr\u00fcndungen<\/h3>\n<div>\n<p>Beratung und Betreuung bei Umgr\u00fcndungen<\/p>\n<\/div>\n<p><a href=\"#\"><\/a><\/p>\n<\/li>\n<li>\n<h3>GPLA- und Betriebspr\u00fcfungen<\/h3>\n<div>\n<p>Unterst\u00fctzung bei GPLA- und Betriebspr\u00fcfungen<\/p>\n<\/div>\n<p><a href=\"#\"><\/a><\/p>\n<\/li>\n<li>\n<h3>Konkurs- und Liquitations-Unterst\u00fctzung<\/h3>\n<div>\n<p>Unterst\u00fctzung in Konkurs- und Liquitationsverfahren<\/p>\n<\/div>\n<p><a href=\"#\"><\/a><\/p>\n<\/li>\n<li>\n<h3>Steuerliche Spezialthemen<\/h3>\n<div>\n<p>Beratung bei steuerlichen Spezialthemen wie zB Immobilientransaktionen, Unternehmensakquisition &amp; -Verkauf, etc.<\/p>\n<\/div>\n<p><a href=\"#\"><\/a><\/p>\n<\/li>\n<\/ul>\n<h2>Weitere Leistungen<\/h2>\n<ul>\n<li>\n<p>        <img decoding=\"async\" src=\"\/www\/wp-content\/uploads\/services-02-legal-advisory.svg\" alt=\"\"><\/p>\n<h3>Unternehmensberatung<\/h3>\n<p><a href=\"\/www\/leistungen\/unternehmensberatung\/\">Mehr erfahren<\/a><\/p>\n<\/li>\n<li>\n<p>        <img decoding=\"async\" src=\"\/www\/wp-content\/uploads\/services-03-financial-services.svg\" alt=\"\"><\/p>\n<h3>Buchhaltung &#038; Personalverrechnung<\/h3>\n<p><a href=\"\/www\/leistungen\/buchhaltung-personalverrechnung\/\">Mehr erfahren<\/a><\/p>\n<\/li>\n<\/ul>\n<p><!--more--><br \/>\n<!-- {\"name\":\"\",\"type\":\"layout\",\"children\":[{\"name\":\"hero\",\"type\":\"section\",\"props\":{\"style\":\"default\",\"width\":\"expand\",\"vertical_align\":\"middle\",\"title_position\":\"top-left\",\"title_rotation\":\"left\",\"title_breakpoint\":\"xl\",\"image_position\":\"center-center\",\"padding_remove_top\":false,\"image\":\"wp-content\\\/uploads\\\/SonnleitnerConsulting_Steuerberatung_Meeting_PX1437383.jpg\",\"css\":\".el-section > [class*='uk-background-'] { min-height: 40vh; }\",\"image_effect\":\"parallax\",\"image_width\":\"1560\",\"padding\":\"large\",\"image_parallax_bgy\":\"0,120\",\"image_parallax_easing\":\"1\",\"image_size\":\"width-1-1\"},\"children\":[{\"name\":\"\",\"type\":\"row\",\"props\":{\"layout\":\"large,expand\"},\"children\":[{\"name\":\"\",\"type\":\"column\",\"props\":{\"image_position\":\"center-center\",\"media_overlay_gradient\":\"\",\"width_medium\":\"2xlarge\",\"position_sticky_breakpoint\":\"m\"},\"children\":[{\"type\":\"panel\",\"props\":{\"link_text\":\"Read more\",\"title_hover_style\":\"reset\",\"title_element\":\"h1\",\"title_align\":\"top\",\"title_grid_width\":\"1-2\",\"title_grid_breakpoint\":\"m\",\"meta_style\":\"text-meta\",\"meta_align\":\"below-title\",\"image_align\":\"top\",\"image_grid_width\":\"1-2\",\"image_grid_breakpoint\":\"m\",\"image_svg_color\":\"emphasis\",\"link_style\":\"default\",\"margin\":\"default\",\"panel_style\":\"card-primary\",\"title_style\":\"h2\",\"title\":\"Steuerberatung\",\"content\":\"\",\"icon_width\":80,\"panel_padding\":\"default\",\"meta_element\":\"div\",\"content_column_breakpoint\":\"m\"}}]},{\"type\":\"column\",\"props\":{\"image_position\":\"center-center\",\"media_overlay_gradient\":\"\",\"width_medium\":\"expand\",\"position_sticky_breakpoint\":\"m\"},\"children\":[]}]}]},{\"type\":\"section\",\"props\":{\"style\":\"default\",\"width\":\"default\",\"vertical_align\":\"middle\",\"title_position\":\"top-left\",\"title_rotation\":\"left\",\"title_breakpoint\":\"xl\",\"image_position\":\"center-center\",\"animation\":\"fade\",\"animation_delay\":\"200\"},\"children\":[{\"type\":\"row\",\"children\":[{\"type\":\"column\",\"props\":{\"image_position\":\"center-center\",\"media_overlay_gradient\":\"\",\"width_medium\":\"1-1\",\"position_sticky_breakpoint\":\"m\"},\"children\":[{\"type\":\"panel\",\"props\":{\"link_text\":\"Read more\",\"title_hover_style\":\"reset\",\"title_element\":\"h1\",\"title_align\":\"top\",\"title_grid_width\":\"1-2\",\"title_grid_breakpoint\":\"m\",\"meta_style\":\"text-meta\",\"meta_align\":\"below-title\",\"image_align\":\"top\",\"image_grid_width\":\"1-2\",\"image_grid_breakpoint\":\"m\",\"image_svg_color\":\"primary\",\"link_style\":\"default\",\"margin\":\"default\",\"title_style\":\"h1\",\"content_style\":\"text-lead\",\"maxwidth\":\"large\",\"title\":\"Steuerberatung\",\"content\":\"Ihr Erfolg l\\u00e4sst sich steuern\",\"image\":\"wp-content\\\/uploads\\\/services-01-tax-planning.svg\",\"image_svg_inline\":true,\"image_svg_animate\":true,\"icon_width\":80,\"panel_padding\":\"\",\"panel_card_size\":\"\",\"meta_element\":\"div\",\"content_column_breakpoint\":\"m\"}},{\"type\":\"module_position\",\"props\":{\"layout\":\"stack\",\"breakpoint\":\"m\",\"content\":\"builder-1\"}},{\"name\":\"\",\"type\":\"text\",\"props\":{\"margin\":\"default\",\"column_breakpoint\":\"m\",\"content\":\"\n\n<p>Aufgrund der sich st\\u00e4ndig \\u00e4ndernden Rahmenbedingungen ist es wichtig einen kompetenten und aktuell informierten Steuerberater an seiner Seite zu haben. Wir m\\u00f6chten dieser Steuerberater f\\u00fcr Sie sein.<\\\/p>\\n\n\n<p>Als Steuerberater ist uns wichtig, alle Ihre Fragen und Anliegen rund um die schwierige Materie Steuern f\\u00fcr Sie verst\\u00e4ndlich zu beantworten.<\\\/p>\\n\n\n<p>Mit uns haben Sie einen zuverl\\u00e4ssigen Partner an Ihrer Seite. Weil wir wissen, dass jedes Unternehmen &amp; jeder Unternehmer eigene Bed\\u00fcrfnisse haben, setzen wir auf eine intensive pers\\u00f6nliche Beratung. Dazu geh\\u00f6ren regelm\\u00e4\\u00dfige Ma\\u00dfnahmen zur Steueroptimierung und betriebswirtschaftlichen Verbesserung Ihres Unternehmens. Mit unserer zukunftsorientierten Beratung entwickeln unsere Steuerberater f\\u00fcr Sie ein Unternehmenskonzept f\\u00fcr Ihr nachhaltiges Wachstum und Ihren Unternehmenserfolg.<\\\/p>\",\"text_align\":\"left\"}}]}]}]},{\"name\":\"Leistungs\\u00fcbersicht Steuerberatung\",\"type\":\"section\",\"props\":{\"style\":\"default\",\"width\":\"default\",\"vertical_align\":\"middle\",\"title_position\":\"top-left\",\"title_rotation\":\"left\",\"title_breakpoint\":\"xl\",\"image_position\":\"center-center\",\"animation_delay\":false},\"children\":[{\"name\":\"\",\"type\":\"row\",\"props\":{\"margin\":\"large\"},\"children\":[{\"name\":\"\",\"type\":\"column\",\"props\":{\"image_position\":\"center-center\",\"media_overlay_gradient\":\"\",\"width_medium\":\"1-1\",\"position_sticky_breakpoint\":\"m\"},\"children\":[{\"name\":\"\",\"type\":\"grid\",\"props\":{\"show_title\":true,\"show_meta\":true,\"show_content\":true,\"show_image\":true,\"show_link\":true,\"grid_default\":\"1\",\"grid_medium\":\"3\",\"title_element\":\"h3\",\"meta_style\":\"text-meta\",\"meta_align\":\"below-title\",\"image_align\":\"top\",\"image_grid_width\":\"1-2\",\"link_text\":\"\",\"link_style\":\"default\",\"margin\":\"default\",\"panel_style\":\"card-primary\",\"link_size\":\"large\",\"grid_small\":\"2\",\"filter_style\":\"tab\",\"filter_all\":true,\"filter_position\":\"top\",\"filter_align\":\"left\",\"filter_grid_width\":\"auto\",\"image_svg_color\":\"emphasis\",\"item_animation\":true,\"grid_column_gap\":\"medium\",\"grid_row_gap\":\"medium\",\"grid_divider\":false,\"filter_grid_breakpoint\":\"m\",\"image_grid_breakpoint\":\"m\",\"title_hover_style\":\"reset\",\"title_align\":\"top\",\"title_grid_width\":\"1-2\",\"title_grid_breakpoint\":\"m\",\"panel_link\":true,\"icon_width\":80,\"panel_padding\":\"large\",\"panel_image_no_padding\":false,\"parallax_easing\":\"1\",\"meta_element\":\"div\",\"content_column_breakpoint\":\"m\"},\"children\":[{\"name\":\"\",\"type\":\"grid_item\",\"props\":{\"title\":\"Steuerbetreuung\",\"content\":\"\n\n<p>Unterst\\u00fctzung und Beratung in s\\u00e4mtlichen steuerlichen Angelegenheiten<\\\/p>\",\"icon\":\"\",\"link\":\"#\"}},{\"name\":\"\",\"type\":\"grid_item\",\"props\":{\"title\":\"Steuerplanung\",\"content\":\"\n\n<p>Steuerplanung zur Senkung der Steuerbelastung<\\\/p>\",\"icon\":\"\",\"link\":\"#\"}},{\"name\":\"\",\"type\":\"grid_item\",\"props\":{\"title\":\"Umsatz- und Verbrauchsteuern\",\"content\":\"\n\n<p>Strategische und operative Unterst\\u00fctzung bei Ihren laufenden Steuererkl\\u00e4rungen<\\\/p>\",\"icon\":\"\",\"link\":\"#\"}},{\"name\":\"\",\"type\":\"grid_item\",\"props\":{\"title\":\"Jahresabschlu\\u00df & Co.\",\"content\":\"\n\n<p>Erstellung von Jahresabschluss, Bilanz und\\\/oder Einnahmen-\\\/Ausgaben Rechnung<\\\/p>\",\"icon\":\"\",\"link\":\"#\"}},{\"name\":\"\",\"type\":\"grid_item\",\"props\":{\"title\":\"Steuerinformationen\",\"content\":\"\n\n<p>Laufende Information \\u00fcber aktuelle steuerliche Themen, neue Rechtslagen, \\u00c4nderungen, Entwicklungen<\\\/p>\",\"icon\":\"\",\"link\":\"#\"}},{\"name\":\"\",\"type\":\"grid_item\",\"props\":{\"title\":\"Beh\\u00f6rdenvertretung\",\"content\":\"\n\n<p>Vertretung vor Beh\\u00f6rden (Finanzamt, Gemeinde, Gewerbebeh\\u00f6rde, Wirtschaftskammer)<\\\/p>\",\"icon\":\"\",\"link\":\"#\"}},{\"name\":\"\",\"type\":\"grid_item\",\"props\":{\"title\":\"Steueroptimierung\",\"content\":\"\n\n<p>Optimierung der steuerlichen Situation, Erarbeitung von strukturierten Modellen<\\\/p>\",\"icon\":\"\",\"link\":\"#\"}},{\"name\":\"\",\"type\":\"grid_item\",\"props\":{\"title\":\"Unternehmens-<br \/>gr\\u00fcndung\",\"content\":\"\n\n<p>Beratung und Betreuung bei der Unternehmensgr\\u00fcndung <\\\/p>\",\"icon\":\"\",\"link\":\"#\"}},{\"name\":\"\",\"type\":\"grid_item\",\"props\":{\"title\":\"Umgr\\u00fcndungen\",\"content\":\"\n\n<p>Beratung und Betreuung bei Umgr\\u00fcndungen<\\\/p>\",\"icon\":\"\",\"link\":\"#\"}},{\"name\":\"\",\"type\":\"grid_item\",\"props\":{\"title\":\"GPLA- und Betriebspr\\u00fcfungen\",\"content\":\"\n\n<p>Unterst\\u00fctzung bei GPLA- und Betriebspr\\u00fcfungen<\\\/p>\",\"icon\":\"\",\"link\":\"#\"}},{\"name\":\"\",\"type\":\"grid_item\",\"props\":{\"title\":\"Konkurs- und Liquitations-Unterst\\u00fctzung\",\"content\":\"\n\n<p>Unterst\\u00fctzung in Konkurs- und Liquitationsverfahren<\\\/p>\",\"icon\":\"\",\"link\":\"#\"}},{\"name\":\"\",\"type\":\"grid_item\",\"props\":{\"title\":\"Steuerliche Spezialthemen\",\"content\":\"\n\n<p>Beratung bei steuerlichen Spezialthemen wie zB Immobilientransaktionen, Unternehmensakquisition &amp; -Verkauf, etc.<\\\/p>\",\"icon\":\"\",\"link\":\"#\"}}]}]}]}]},{\"type\":\"section\",\"props\":{\"style\":\"muted\",\"width\":\"default\",\"vertical_align\":\"middle\",\"title_position\":\"top-left\",\"title_rotation\":\"left\",\"title_breakpoint\":\"xl\",\"image_position\":\"center-center\",\"title\":\"Weitere Leistungen\"},\"children\":[{\"type\":\"row\",\"children\":[{\"type\":\"column\",\"props\":{\"image_position\":\"center-center\",\"media_overlay_gradient\":\"\",\"width_medium\":\"1-1\",\"position_sticky_breakpoint\":\"m\"},\"children\":[{\"type\":\"headline\",\"props\":{\"title_element\":\"h2\",\"title_style\":\"h3\",\"title_decoration\":\"bullet\",\"content\":\"Weitere Leistungen\"}},{\"type\":\"grid\",\"props\":{\"show_title\":true,\"show_meta\":true,\"show_content\":true,\"show_image\":true,\"show_link\":true,\"grid_default\":\"1\",\"grid_medium\":\"2\",\"filter_style\":\"tab\",\"filter_all\":true,\"filter_position\":\"top\",\"filter_align\":\"left\",\"filter_grid_width\":\"auto\",\"filter_grid_breakpoint\":\"m\",\"title_hover_style\":\"reset\",\"title_element\":\"h3\",\"title_align\":\"top\",\"title_grid_width\":\"1-2\",\"title_grid_breakpoint\":\"m\",\"meta_style\":\"text-meta\",\"meta_align\":\"below-title\",\"image_align\":\"top\",\"image_grid_width\":\"1-2\",\"image_grid_breakpoint\":\"m\",\"image_svg_color\":\"muted\",\"link_text\":\"Mehr erfahren\",\"link_style\":\"text\",\"margin\":\"default\",\"item_animation\":true,\"panel_style\":\"card-default\",\"image_svg_inline\":true,\"image_svg_animate\":true,\"icon_width\":80,\"panel_padding\":\"default\",\"parallax_easing\":\"1\",\"meta_element\":\"div\",\"content_column_breakpoint\":\"m\"},\"children\":[{\"type\":\"grid_item\",\"props\":{\"title\":\"Unternehmensberatung\",\"content\":\"\",\"image\":\"wp-content\\\/uploads\\\/services-02-legal-advisory.svg\",\"link\":\"leistungen\\\/unternehmensberatung\\\/\"}},{\"type\":\"grid_item\",\"props\":{\"title\":\"Buchhaltung & Personalverrechnung\",\"content\":\"\",\"link\":\"leistungen\\\/buchhaltung-personalverrechnung\\\/\",\"image\":\"wp-content\\\/uploads\\\/services-03-financial-services.svg\"}}]}]}]}],\"name\":\"Weitere Leistungen\"}],\"version\":\"3.0.9\"} --><\/p>\n","protected":false},"excerpt":{"rendered":"<p>Steuerberatung Steuerberatung Ihr Erfolg l\u00e4sst sich steuern Aufgrund der sich st\u00e4ndig \u00e4ndernden Rahmenbedingungen ist es wichtig einen kompetenten und aktuell informierten Steuerberater an seiner Seite zu haben. Wir m\u00f6chten dieser Steuerberater f\u00fcr Sie sein. Als Steuerberater ist uns wichtig, alle Ihre Fragen und Anliegen rund um die schwierige Materie Steuern f\u00fcr Sie verst\u00e4ndlich zu beantworten. [&hellip;]<\/p>\n","protected":false},"author":1,"featured_media":0,"parent":20,"menu_order":1,"comment_status":"closed","ping_status":"closed","template":"","meta":{"_monsterinsights_skip_tracking":false,"_monsterinsights_sitenote_active":false,"_monsterinsights_sitenote_note":"","_monsterinsights_sitenote_category":0,"footnotes":""},"class_list":["post-26","page","type-page","status-publish","hentry"],"_links":{"self":[{"href":"https:\/\/www.sonnleitner-consulting.at\/www\/wp-json\/wp\/v2\/pages\/26","targetHints":{"allow":["GET"]}}],"collection":[{"href":"https:\/\/www.sonnleitner-consulting.at\/www\/wp-json\/wp\/v2\/pages"}],"about":[{"href":"https:\/\/www.sonnleitner-consulting.at\/www\/wp-json\/wp\/v2\/types\/page"}],"author":[{"embeddable":true,"href":"https:\/\/www.sonnleitner-consulting.at\/www\/wp-json\/wp\/v2\/users\/1"}],"replies":[{"embeddable":true,"href":"https:\/\/www.sonnleitner-consulting.at\/www\/wp-json\/wp\/v2\/comments?post=26"}],"version-history":[{"count":61,"href":"https:\/\/www.sonnleitner-consulting.at\/www\/wp-json\/wp\/v2\/pages\/26\/revisions"}],"predecessor-version":[{"id":1145,"href":"https:\/\/www.sonnleitner-consulting.at\/www\/wp-json\/wp\/v2\/pages\/26\/revisions\/1145"}],"up":[{"embeddable":true,"href":"https:\/\/www.sonnleitner-consulting.at\/www\/wp-json\/wp\/v2\/pages\/20"}],"wp:attachment":[{"href":"https:\/\/www.sonnleitner-consulting.at\/www\/wp-json\/wp\/v2\/media?parent=26"}],"curies":[{"name":"wp","href":"https:\/\/api.w.org\/{rel}","templated":true}]}}