{"id":27,"date":"2017-08-17T07:45:24","date_gmt":"2017-08-17T05:45:24","guid":{"rendered":"http:\/\/localhost\/Themes\/2017\/Vision\/Website_WP\/index.php\/tax-planning\/"},"modified":"2023-11-15T16:35:30","modified_gmt":"2023-11-15T14:35:30","slug":"unternehmensberatung","status":"publish","type":"page","link":"https:\/\/www.sonnleitner-consulting.at\/www\/leistungen\/unternehmensberatung\/","title":{"rendered":"Unternehmensberatung"},"content":{"rendered":"<div>\n<h1>Unternehmensberatung<\/h1>\n<\/div>\n<div>\n<p>        <img decoding=\"async\" src=\"\/www\/wp-content\/uploads\/services-02-legal-advisory.svg\" alt=\"\"><\/p>\n<h1>Unternehmensberatung<\/h1>\n<div>Ihr Erfolg l\u00e4sst sich steuern<\/div>\n<\/div>\n<div>\n<p>Es ist mehr als nur Steuerberatung &#8211; n\u00e4mlich die gesamtheitliche Betrachtung Ihrer unternehmerischen T\u00e4tigkeiten. <br \/>Eine starker Mitbewerb erfordert eine eingehende Auseinandersetzung mit betriebswirtschaftlichen Prinzipien. <br \/>Wir sorgen f\u00fcr Ihren Wettbewerbsvorteil und erarbeiten f\u00fcr Sie individuelle L\u00f6sungen im wirtschaftlichen und rechtlichen Kontext. <br \/>Mit Ihren Visionen und Zielen und unserem fundierten Wissen planen wir gemeinsam grundlegende unternehmerische Entscheidungen und finden die lukrativsten und erfolgsversprechendsten L\u00f6sungen f\u00fcr Ihr Unternehmen.<\/p>\n<\/div>\n<ul>\n<li>\n<h3>Unternehmens-<br \/>bewertungen<\/h3>\n<div>\n<p>Ermittlung des Wertes von ganzen Unternehmen oder von Anteilen an Unternehmen<\/p>\n<\/div>\n<p><a href=\"#\"><\/a><\/p>\n<\/li>\n<li>\n<h3>Bilanz- und Erfolgsanalysen<\/h3>\n<div>\n<p>Kennzahlen als Controllinginstrument (Verm\u00f6gens- und Kapitalstruktur, Umschlag, Liquidit\u00e4t, Cash Flow etc.)<\/p>\n<\/div>\n<p><a href=\"#\"><\/a><\/p>\n<\/li>\n<li>\n<h3>Unternehmens-<br \/>gr\u00fcndung<\/h3>\n<div>\n<p>Beratung bei der Unternehmensgr\u00fcndung (z.B. Businessplan, Gesellschaftsvertr\u00e4ge, Organisationsstruktur, \u00f6ffentliche F\u00f6rdermittel, etc.)<\/p>\n<\/div>\n<p><a href=\"#\"><\/a><\/p>\n<\/li>\n<li>\n<h3>Finanzierungs- und Businesspl\u00e4ne<\/h3>\n<div>\n<p>Unterst\u00fctzung bei Umstrukturierungen und Finanzierungen, sowie Erstellung von Finanzierungs- und Businesspl\u00e4nen<\/p>\n<\/div>\n<p><a href=\"#\"><\/a><\/p>\n<\/li>\n<li>\n<h3>Reorganisation<\/h3>\n<div>\n<p>Beratung und Unterst\u00fctzung im Bereich der Reorganisation (z.B. Umstrukturierungen)<\/p>\n<\/div>\n<p><a href=\"#\"><\/a><\/p>\n<\/li>\n<li>\n<h3>Merger &#038; Acquisitions<\/h3>\n<div>\n<p>Beratung und Begleitung im Bereich Merger &amp; Acquisitions<\/p>\n<\/div>\n<p><a href=\"#\"><\/a><\/p>\n<\/li>\n<li>\n<h3>Spezialbereich: Filmgesch\u00e4fts-f\u00fchrung<\/h3>\n<div>\n<p>Filmgesch\u00e4ftsf\u00fchrer sowie Services von A-Z f\u00fcr nationale und internationale Filmproduktionen, Projektbuchhaltung und -controlling, F\u00f6rderungen<\/p>\n<\/div>\n<p><a href=\"#\"><\/a><\/p>\n<\/li>\n<\/ul>\n<h2>Weitere Leistungen<\/h2>\n<ul>\n<li>\n<p>        <img decoding=\"async\" src=\"\/www\/wp-content\/uploads\/services-01-tax-planning.svg\" alt=\"\"><\/p>\n<h3>Steuerberatung<\/h3>\n<p><a href=\"\/www\/leistungen\/steuerberatung\/\">Mehr erfahren<\/a><\/p>\n<\/li>\n<li>\n<p>        <img decoding=\"async\" src=\"\/www\/wp-content\/uploads\/services-03-financial-services.svg\" alt=\"\"><\/p>\n<h3>Buchhaltung &#038; Personalverrechnung<\/h3>\n<p><a href=\"\/www\/leistungen\/buchhaltung-personalverrechnung\/\">Mehr erfahren<\/a><\/p>\n<\/li>\n<\/ul>\n<p><!--more--><br \/>\n<!-- {\"type\":\"layout\",\"children\":[{\"name\":\"hero\",\"type\":\"section\",\"props\":{\"image\":\"wp-content\\\/uploads\\\/SonnleitnerConsulting_Steuerberatung_Buchhaltung_F190642823S.jpg\",\"image_effect\":\"parallax\",\"image_parallax_bgy\":\"20,-230\",\"image_parallax_breakpoint\":\"m\",\"image_parallax_easing\":\"1\",\"image_position\":\"center-left\",\"image_size\":\"width-1-1\",\"image_width\":\"1560\",\"padding\":\"large\",\"style\":\"default\",\"title_breakpoint\":\"xl\",\"title_position\":\"top-left\",\"title_rotation\":\"left\",\"vertical_align\":\"middle\",\"width\":\"expand\"},\"children\":[{\"type\":\"row\",\"props\":{\"layout\":\"large,expand\",\"vertical_align\":false},\"children\":[{\"type\":\"column\",\"props\":{\"image_position\":\"center-center\",\"padding\":\"small\",\"position_sticky_breakpoint\":\"m\",\"width_medium\":\"2xlarge\"},\"children\":[{\"type\":\"panel\",\"props\":{\"content\":\"\",\"content_column_breakpoint\":\"m\",\"icon_width\":80,\"image_align\":\"top\",\"image_grid_breakpoint\":\"m\",\"image_grid_width\":\"1-2\",\"image_svg_color\":\"emphasis\",\"link_style\":\"default\",\"link_text\":\"Read more\",\"margin\":\"default\",\"meta_align\":\"below-title\",\"meta_element\":\"div\",\"meta_style\":\"text-meta\",\"panel_padding\":\"default\",\"panel_style\":\"card-primary\",\"title\":\"Unternehmensberatung\",\"title_align\":\"top\",\"title_element\":\"h1\",\"title_grid_breakpoint\":\"m\",\"title_grid_width\":\"1-2\",\"title_hover_style\":\"reset\",\"title_style\":\"h2\"}}]},{\"type\":\"column\",\"props\":{\"image_position\":\"center-center\",\"position_sticky_breakpoint\":\"m\",\"width_medium\":\"expand\"}}]}]},{\"type\":\"section\",\"props\":{\"animation\":\"fade\",\"animation_delay\":\"200\",\"image_position\":\"center-center\",\"style\":\"default\",\"title_breakpoint\":\"xl\",\"title_position\":\"top-left\",\"title_rotation\":\"left\",\"vertical_align\":\"middle\",\"width\":\"default\"},\"children\":[{\"type\":\"row\",\"children\":[{\"type\":\"column\",\"props\":{\"image_position\":\"center-center\",\"position_sticky_breakpoint\":\"m\",\"width_medium\":\"1-1\"},\"children\":[{\"type\":\"panel\",\"props\":{\"content\":\"Ihr Erfolg l\\u00e4sst sich steuern\",\"content_column_breakpoint\":\"m\",\"content_style\":\"text-lead\",\"icon_width\":80,\"image\":\"wp-content\\\/uploads\\\/services-02-legal-advisory.svg\",\"image_align\":\"top\",\"image_grid_breakpoint\":\"m\",\"image_grid_width\":\"1-2\",\"image_svg_animate\":true,\"image_svg_color\":\"primary\",\"image_svg_inline\":true,\"link_style\":\"default\",\"link_text\":\"Read more\",\"margin\":\"default\",\"maxwidth\":\"large\",\"meta_align\":\"below-title\",\"meta_element\":\"div\",\"meta_style\":\"text-meta\",\"title\":\"Unternehmensberatung\",\"title_align\":\"top\",\"title_element\":\"h1\",\"title_grid_breakpoint\":\"m\",\"title_grid_width\":\"1-2\",\"title_hover_style\":\"reset\",\"title_style\":\"h1\"}},{\"type\":\"module_position\",\"props\":{\"breakpoint\":\"m\",\"content\":\"builder-1\",\"layout\":\"stack\"}},{\"type\":\"text\",\"props\":{\"column_breakpoint\":\"m\",\"content\":\"\n\n<p>Es ist mehr als nur Steuerberatung - n\\u00e4mlich die gesamtheitliche Betrachtung Ihrer unternehmerischen T\\u00e4tigkeiten. <br \\\/>Eine starker Mitbewerb erfordert eine eingehende Auseinandersetzung mit betriebswirtschaftlichen Prinzipien. <br \\\/>Wir sorgen f\\u00fcr Ihren Wettbewerbsvorteil und erarbeiten f\\u00fcr Sie individuelle L\\u00f6sungen im wirtschaftlichen und rechtlichen Kontext. <br \\\/>Mit Ihren Visionen und Zielen und unserem fundierten Wissen planen wir gemeinsam grundlegende unternehmerische Entscheidungen und finden die lukrativsten und erfolgsversprechendsten L\\u00f6sungen f\\u00fcr Ihr Unternehmen.<\\\/p>\",\"margin\":\"default\"}}]}]}]},{\"type\":\"section\",\"props\":{\"image_position\":\"center-center\",\"style\":\"default\",\"title_breakpoint\":\"xl\",\"title_position\":\"top-left\",\"title_rotation\":\"left\",\"vertical_align\":\"middle\",\"width\":\"default\"},\"children\":[{\"type\":\"row\",\"children\":[{\"type\":\"column\",\"props\":{\"image_position\":\"center-center\",\"position_sticky_breakpoint\":\"m\",\"width_medium\":\"1-1\"},\"children\":[{\"type\":\"grid\",\"props\":{\"content_column_breakpoint\":\"m\",\"filter_align\":\"left\",\"filter_all\":true,\"filter_grid_breakpoint\":\"m\",\"filter_grid_width\":\"auto\",\"filter_position\":\"top\",\"filter_style\":\"tab\",\"grid_column_gap\":\"medium\",\"grid_default\":\"1\",\"grid_medium\":\"3\",\"grid_row_gap\":\"medium\",\"grid_small\":\"2\",\"icon_width\":80,\"image_align\":\"top\",\"image_grid_breakpoint\":\"m\",\"image_grid_width\":\"1-2\",\"image_svg_color\":\"emphasis\",\"item_animation\":true,\"link_style\":\"default\",\"link_text\":\"\",\"margin\":\"default\",\"meta_align\":\"below-title\",\"meta_element\":\"div\",\"meta_style\":\"text-meta\",\"panel_image_no_padding\":false,\"panel_link\":true,\"panel_padding\":\"large\",\"panel_style\":\"card-primary\",\"parallax_easing\":\"1\",\"show_content\":true,\"show_image\":true,\"show_link\":true,\"show_meta\":true,\"show_title\":true,\"title_align\":\"top\",\"title_element\":\"h3\",\"title_grid_breakpoint\":\"m\",\"title_grid_width\":\"1-2\",\"title_hover_style\":\"reset\"},\"children\":[{\"type\":\"grid_item\",\"props\":{\"content\":\"\n\n<p>Ermittlung des Wertes von ganzen Unternehmen oder von Anteilen an Unternehmen<\\\/p>\",\"link\":\"#\",\"title\":\"Unternehmens-<br \/>bewertungen\"}},{\"type\":\"grid_item\",\"props\":{\"content\":\"\n\n<p>Kennzahlen als Controllinginstrument (Verm\\u00f6gens- und Kapitalstruktur, Umschlag, Liquidit\\u00e4t, Cash Flow etc.)<\\\/p>\",\"link\":\"#\",\"title\":\"Bilanz- und Erfolgsanalysen\"}},{\"type\":\"grid_item\",\"props\":{\"content\":\"\n\n<p>Beratung bei der Unternehmensgr\\u00fcndung (z.B. Businessplan, Gesellschaftsvertr\\u00e4ge, Organisationsstruktur, \\u00f6ffentliche F\\u00f6rdermittel, etc.)<\\\/p>\",\"link\":\"#\",\"title\":\"Unternehmens-<br \/>gr\\u00fcndung\"}},{\"type\":\"grid_item\",\"props\":{\"content\":\"\n\n<p>Unterst\\u00fctzung bei Umstrukturierungen und Finanzierungen, sowie Erstellung von Finanzierungs- und Businesspl\\u00e4nen<\\\/p>\",\"link\":\"#\",\"title\":\"Finanzierungs- und Businesspl\\u00e4ne\"}},{\"type\":\"grid_item\",\"props\":{\"content\":\"\n\n<p>Beratung und Unterst\\u00fctzung im Bereich der Reorganisation (z.B. Umstrukturierungen)<\\\/p>\",\"link\":\"#\",\"title\":\"Reorganisation\"}},{\"type\":\"grid_item\",\"props\":{\"content\":\"\n\n<p>Beratung und Begleitung im Bereich Merger &amp; Acquisitions<\\\/p>\",\"link\":\"#\",\"title\":\"Merger & Acquisitions\"}},{\"type\":\"grid_item\",\"props\":{\"content\":\"\n\n<p>Filmgesch\\u00e4ftsf\\u00fchrer sowie Services von A-Z f\\u00fcr nationale und internationale Filmproduktionen, Projektbuchhaltung und -controlling, F\\u00f6rderungen<\\\/p>\\n\",\"link\":\"#\",\"meta\":\"\",\"title\":\"Spezialbereich: Filmgesch\\u00e4fts-f\\u00fchrung\"}}]}]}]}],\"name\":\"Leistungs\\u00fcbersicht Unternehmensberatung\"},{\"type\":\"section\",\"props\":{\"image_position\":\"center-center\",\"style\":\"muted\",\"title_breakpoint\":\"xl\",\"title_position\":\"top-left\",\"title_rotation\":\"left\",\"vertical_align\":\"middle\",\"width\":\"default\"},\"children\":[{\"type\":\"row\",\"children\":[{\"type\":\"column\",\"props\":{\"image_position\":\"center-center\",\"position_sticky_breakpoint\":\"m\",\"width_medium\":\"1-1\"},\"children\":[{\"type\":\"headline\",\"props\":{\"content\":\"Weitere Leistungen\",\"title_decoration\":\"bullet\",\"title_element\":\"h2\",\"title_style\":\"h3\"}},{\"type\":\"grid\",\"props\":{\"content_column_breakpoint\":\"m\",\"filter_align\":\"left\",\"filter_all\":true,\"filter_grid_breakpoint\":\"m\",\"filter_grid_width\":\"auto\",\"filter_position\":\"top\",\"filter_style\":\"tab\",\"grid_default\":\"1\",\"grid_medium\":\"2\",\"icon_width\":80,\"image_align\":\"top\",\"image_grid_breakpoint\":\"m\",\"image_grid_width\":\"1-2\",\"image_svg_animate\":true,\"image_svg_color\":\"muted\",\"image_svg_inline\":true,\"item_animation\":true,\"link_style\":\"text\",\"link_text\":\"Mehr erfahren\",\"margin\":\"default\",\"meta_align\":\"below-title\",\"meta_element\":\"div\",\"meta_style\":\"text-meta\",\"panel_padding\":\"default\",\"panel_style\":\"card-default\",\"parallax_easing\":\"1\",\"show_content\":true,\"show_image\":true,\"show_link\":true,\"show_meta\":true,\"show_title\":true,\"title_align\":\"top\",\"title_element\":\"h3\",\"title_grid_breakpoint\":\"m\",\"title_grid_width\":\"1-2\",\"title_hover_style\":\"reset\"},\"children\":[{\"type\":\"grid_item\",\"props\":{\"image\":\"wp-content\\\/uploads\\\/services-01-tax-planning.svg\",\"link\":\"leistungen\\\/steuerberatung\\\/\",\"title\":\"Steuerberatung\"}},{\"type\":\"grid_item\",\"props\":{\"image\":\"wp-content\\\/uploads\\\/services-03-financial-services.svg\",\"link\":\"leistungen\\\/buchhaltung-personalverrechnung\\\/\",\"title\":\"Buchhaltung & Personalverrechnung\"}}]}]}]}],\"name\":\"Weitere Leistungen\"}],\"version\":\"4.1.3\"} --><\/p>\n","protected":false},"excerpt":{"rendered":"<p>Unternehmensberatung Unternehmensberatung Ihr Erfolg l\u00e4sst sich steuern Es ist mehr als nur Steuerberatung &#8211; n\u00e4mlich die gesamtheitliche Betrachtung Ihrer unternehmerischen T\u00e4tigkeiten. Eine starker Mitbewerb erfordert eine eingehende Auseinandersetzung mit betriebswirtschaftlichen Prinzipien. Wir sorgen f\u00fcr Ihren Wettbewerbsvorteil und erarbeiten f\u00fcr Sie individuelle L\u00f6sungen im wirtschaftlichen und rechtlichen Kontext. Mit Ihren Visionen und Zielen und unserem fundierten [&hellip;]<\/p>\n","protected":false},"author":1,"featured_media":0,"parent":20,"menu_order":2,"comment_status":"closed","ping_status":"closed","template":"","meta":{"_monsterinsights_skip_tracking":false,"_monsterinsights_sitenote_active":false,"_monsterinsights_sitenote_note":"","_monsterinsights_sitenote_category":0,"footnotes":""},"class_list":["post-27","page","type-page","status-publish","hentry"],"_links":{"self":[{"href":"https:\/\/www.sonnleitner-consulting.at\/www\/wp-json\/wp\/v2\/pages\/27","targetHints":{"allow":["GET"]}}],"collection":[{"href":"https:\/\/www.sonnleitner-consulting.at\/www\/wp-json\/wp\/v2\/pages"}],"about":[{"href":"https:\/\/www.sonnleitner-consulting.at\/www\/wp-json\/wp\/v2\/types\/page"}],"author":[{"embeddable":true,"href":"https:\/\/www.sonnleitner-consulting.at\/www\/wp-json\/wp\/v2\/users\/1"}],"replies":[{"embeddable":true,"href":"https:\/\/www.sonnleitner-consulting.at\/www\/wp-json\/wp\/v2\/comments?post=27"}],"version-history":[{"count":61,"href":"https:\/\/www.sonnleitner-consulting.at\/www\/wp-json\/wp\/v2\/pages\/27\/revisions"}],"predecessor-version":[{"id":1175,"href":"https:\/\/www.sonnleitner-consulting.at\/www\/wp-json\/wp\/v2\/pages\/27\/revisions\/1175"}],"up":[{"embeddable":true,"href":"https:\/\/www.sonnleitner-consulting.at\/www\/wp-json\/wp\/v2\/pages\/20"}],"wp:attachment":[{"href":"https:\/\/www.sonnleitner-consulting.at\/www\/wp-json\/wp\/v2\/media?parent=27"}],"curies":[{"name":"wp","href":"https:\/\/api.w.org\/{rel}","templated":true}]}}