{"id":391,"date":"2019-09-25T04:59:45","date_gmt":"2019-09-25T02:59:45","guid":{"rendered":"https:\/\/www.sonnleitner-consulting.at\/www\/?page_id=391"},"modified":"2021-11-25T12:23:59","modified_gmt":"2021-11-25T10:23:59","slug":"impressum","status":"publish","type":"page","link":"https:\/\/www.sonnleitner-consulting.at\/www\/kontakt\/impressum\/","title":{"rendered":"Impressum"},"content":{"rendered":"<div>\n<h1>Impressum<\/h1>\n<\/div>\n<h3>FIRMENDATEN<\/h3>\n<div>\n<p><strong>Sonnleitner Consulting &amp; Steuerberatung GmbH<\/strong><\/p>\n<\/div>\n<p>\n    <a href=\"https:\/\/www.google.at\/maps\/dir\/\/Sonnleitner+Consulting+%26+Steuerberatung+GmbH,+Rathausstra%C3%9Fe+21,+1010+Wien\/@48.213499,16.3579664,17z\/data=!4m9!4m8!1m0!1m5!1m1!1s0x476d0743ae837e89:0xd0a75e683bc41ff6!2m2!1d16.3690372!2d48.2139743!3e0\">Rathausstra\u00dfe 21 , 1010 Wien,  \u00d6sterreich<\/a>\n<\/p>\n<p>\n    <a href=\"tel:+4319974455\">+43 1 9974455<\/a>\n<\/p>\n<p>\n    <a href=\"\">office@sonnleitner-consulting.at<\/a>\n<\/p>\n<p>\n    <a href=\"\">www.sonnleitner-consulting.at<\/a>\n<\/p>\n<div>\n<p>\u00a0<\/p>\n<p><strong>Firmenbuchnummer<\/strong>: FN323930V<\/p>\n<p><strong>Firmenbuchgericht<\/strong>: Handelsgericht Wien<\/p>\n<p><strong>UID-Nummer<\/strong>: ATU 64760734<\/p>\n<p><strong>Mitglied in der Kammer der Steuerberater und Wirtschaftspr\u00fcfer (KSW)<br \/><\/strong><\/p>\n<p><strong>Berufsaufsichtsbeh\u00f6rde<\/strong>:<br \/>Kammer der Steuerberater und Wirtschaftspr\u00fcfer (KSW)<\/p>\n<p><strong>Berufsrechtliche Vorschriften<\/strong>:<br \/>Wirtschaftstreuhandberufsgesetz und Wirtschaftstreuhandberufs-Aus\u00fcbungsrichtlinie<br \/>[<a href=\"http:\/\/www.ris.bka.gv.at\/\" target=\"_blank\" rel=\"noopener\">www.ris.bka.gv.at<\/a>\u00a0bzw. Kammer der Steuerberater und Wirtschaftspr\u00fcfer (KSW)]<\/p>\n<p><strong>Ort der Verleihung der Berufsberechtigung<\/strong>:<br \/>\u00d6sterreich<\/p>\n<p><strong>Mitglied der Wirtschaftskammer Wien<\/strong><br \/>Gewerbe: Sparte Information und Consulting, Unternehmensberatung und Informationstechnologie<\/p>\n<p><a href=\"https:\/\/www.wkoecg.at\/Web\/Ecg.aspx?FirmaID=51d260b0-2745-4fee-be78-6551bd62c5fb&amp;_ga=2.56542446.434002625.1587784647-533667774.1575152312\" target=\"blank\"><img loading=\"lazy\" decoding=\"async\" class=\"alignnone size-full wp-image-411\" src=\"https:\/\/www.sonnleitner-consulting.at\/www\/wp-content\/uploads\/ecg.png\" alt=\"\" width=\"169\" height=\"23\" \/><\/a><\/p>\n<\/div>\n<h3>HAFTUNG F\u00dcR INHALTE<\/h3>\n<hr>\n<div>\n<div class=\"el-content uk-panel uk-margin-top\">\n<p>S\u00e4mtliche Texte auf der Website wurden sorgf\u00e4ltig gepr\u00fcft. Dessen ungeachtet kann keine Garantie f\u00fcr Richtigkeit, Vollst\u00e4ndigkeit und Aktualit\u00e4t der Angaben \u00fcbernommen werden.<\/p>\n<p>Bei den Texten dieser Website handelt es sich um \u00e4u\u00dferst komplexe und schwierige Rechtsgebiete, die auch einem st\u00e4ndigen Wandel durch Gesetzes\u00e4nderungen sowie durch \u00c4nderungen der Verwaltungspraxis und der Judikatur unterliegen. Die Autoren der Beitr\u00e4ge sind bem\u00fcht, den Lesern dieser Website immer die aktuellsten Informationen zu liefern, die Inhalte einzelner Beitr\u00e4ge k\u00f6nnen allerdings rasch \u00fcberholt sein.<\/p>\n<p>Trotz gr\u00f6\u00dftm\u00f6glicher Sorgfalt kann keine Haftung f\u00fcr die Korrektheit, Vollst\u00e4ndigkeit und Aktualit\u00e4t der Inhalte dieser Webseite \u00fcbernommen werden. \u00c4nderungen bleiben vorbehalten. Alle hier abrufbaren Informationen werden nur zum Zweck allgemeiner Information bereitgestellt und stellen in keinem Falle eine verbindliche Auskunft dar. Es wird keine Haftung f\u00fcr jedwede direkten oder indirekten Sch\u00e4den bzw. Folgesch\u00e4den, die sich aus der Nutzung dieser Webseite ergeben, \u00fcbernommen. Dieser Haftungsausschluss beinhaltet auch Sch\u00e4den durch Computerviren, Computerw\u00fcrmer, Trojaner oder \u00e4hnliche Schadsoftware. Unser Angebot enth\u00e4lt Links zu externen Webseiten Dritter, auf deren Inhalte wir keinen Einfluss haben. Externe Webseiten sind von dieser Website g\u00e4nzlich unabh\u00e4ngig und entziehen sich unserer Einflussnahme sowie Kontrolle. F\u00fcr Inhalte externer Websites wird daher keine Verantwortung \u00fcbernommen, vor allem nicht f\u00fcr ihre Richtigkeit, Vollst\u00e4ndigkeit, Aktualit\u00e4t oder Gesetzm\u00e4\u00dfigkeit.<\/p>\n<\/div>\n<\/div>\n<h3>URHEBERRECHT<\/h3>\n<hr>\n<div>\n<p>Alle Inhalte und Werke auf dieser Webseite unterliegen dem Urheberrecht. Vervielf\u00e4ltigung, Bearbeitung, Verbreitung und jede Art der Verwertung bedarf der schriftlichen Zustimmung des jeweiligen Autors bzw. Erstellers (soweit nicht anders angegeben sowie im Rahmen der G\u00fcltigkeit des Urheberrechts). Downloads und Kopien dieser Seite sind nicht gestattet.<\/p>\n<div class=\"el-content uk-panel uk-margin-top\">\u00a0<\/div>\n<\/div>\n<h3>DISCLAIMER<\/h3>\n<hr>\n<div>\n<p>Die auf der Webseite der Sonnleitner Consulting &amp; Steuerberatung GmbH\u00a0dargestellten Informationen enthalten lediglich allgemeine Hinweise. Sie ersetzen nicht die erforderliche individuelle Beratung auf der Grundlage eines konkret zu beurteilenden Sachverhaltes. F\u00fcr die Richtigkeit und Vollst\u00e4ndigkeit der dargestellten Informationen \u00fcbernimmt die Sonnleitner Consulting &amp; Steuerberatung GmbH\u00a0keine Verantwortung.<\/p>\n<\/div>\n<h3>DATENSCHUTZ<\/h3>\n<hr>\n<div>\n<p>Erfahren Sie alles \u00fcber <a href=\"https:\/\/www.sonnleitner-consulting.at\/www\/kontakt\/datenschutz\/\">unsere Datenschutzbestimmungen<\/a><\/p>\n<\/div>\n<p><!--more--><br \/>\n<!-- {\"name\":\"\\u00dcber uns\",\"type\":\"layout\",\"children\":[{\"name\":\"Impressum\",\"type\":\"section\",\"props\":{\"style\":\"default\",\"width\":\"expand\",\"vertical_align\":\"middle\",\"title_position\":\"top-left\",\"title_rotation\":\"left\",\"title_breakpoint\":\"xl\",\"image_position\":\"center-left\",\"padding\":\"large\",\"image\":\"wp-content\\\/uploads\\\/financial-services-hero.jpg\",\"title\":\"\",\"image_effect\":\"parallax\",\"image_parallax_bgy_start\":\"20\",\"image_parallax_bgy_end\":\"-230\",\"image_size\":\"cover\",\"animation_delay\":false,\"image_parallax_breakpoint\":\"m\",\"image_width\":\"1560\"},\"children\":[{\"name\":\"\",\"type\":\"row\",\"props\":{\"layout\":\"large,expand\",\"match\":false},\"children\":[{\"name\":\"\",\"type\":\"column\",\"props\":{\"image_position\":\"center-center\",\"image\":\"\",\"media_overlay_gradient\":\"\",\"width_medium\":\"2xlarge\"},\"children\":[{\"name\":\"\",\"type\":\"panel\",\"props\":{\"link_text\":\"Read more\",\"title_element\":\"h1\",\"meta_style\":\"meta\",\"meta_align\":\"below-title\",\"image_align\":\"top\",\"image_grid_width\":\"1-2\",\"link_style\":\"default\",\"margin\":\"default\",\"panel_style\":\"card-primary\",\"title\":\"Impressum\",\"maxwidth\":\"xlarge\",\"title_style\":\"h2\",\"image_svg_color\":\"emphasis\",\"title_align\":\"top\",\"title_grid_width\":\"1-2\",\"title_hover_style\":\"reset\",\"title_grid_breakpoint\":\"m\",\"image_grid_breakpoint\":\"m\",\"icon_width\":80,\"meta_element\":\"div\",\"content_column_breakpoint\":\"m\"}}]},{\"type\":\"column\",\"props\":{\"image_position\":\"center-center\",\"media_overlay_gradient\":\"\",\"width_medium\":\"expand\"},\"children\":[]}]}]},{\"type\":\"section\",\"props\":{\"style\":\"default\",\"width\":\"default\",\"vertical_align\":\"middle\",\"title_position\":\"top-left\",\"title_rotation\":\"left\",\"title_breakpoint\":\"xl\",\"image_position\":\"center-center\"},\"children\":[{\"type\":\"row\",\"props\":{\"layout\":\"1-3,2-3\"},\"children\":[{\"type\":\"column\",\"props\":{\"image_position\":\"center-center\",\"media_overlay_gradient\":\"\",\"width_medium\":\"1-3\"},\"children\":[{\"name\":\"\",\"type\":\"headline\",\"props\":{\"title_element\":\"h3\",\"title_decoration\":\"bullet\",\"content\":\"FIRMENDATEN\",\"maxwidth\":\"medium\",\"id\":\"company-heads\"}}]},{\"type\":\"column\",\"props\":{\"image_position\":\"center-center\",\"media_overlay_gradient\":\"\",\"width_medium\":\"2-3\"},\"children\":[{\"type\":\"text\",\"props\":{\"margin\":\"default\",\"column_breakpoint\":\"m\",\"content\":\"\n\n<p><strong>Sonnleitner Consulting &amp; Steuerberatung GmbH<\\\/strong><\\\/p>\"}},{\"type\":\"button\",\"props\":{\"grid_column_gap\":\"small\",\"grid_row_gap\":\"small\",\"margin\":\"default\",\"text_align\":\"left\"},\"children\":[{\"type\":\"button_item\",\"props\":{\"button_style\":\"link-text\",\"icon_align\":\"left\",\"link_target\":\"blank\",\"icon\":\"location\",\"content\":\"Rathausstra\\u00dfe 21 , 1010 Wien,  \\u00d6sterreich\",\"link\":\"https:\\\/\\\/www.google.at\\\/maps\\\/dir\\\/\\\/Sonnleitner+Consulting+%26+Steuerberatung+GmbH,+Rathausstra%C3%9Fe+21,+1010+Wien\\\/@48.213499,16.3579664,17z\\\/data=!4m9!4m8!1m0!1m5!1m1!1s0x476d0743ae837e89:0xd0a75e683bc41ff6!2m2!1d16.3690372!2d48.2139743!3e0\"}}],\"name\":\"Anschrift\"},{\"type\":\"button\",\"props\":{\"grid_column_gap\":\"small\",\"grid_row_gap\":\"small\",\"margin\":\"default\"},\"children\":[{\"type\":\"button_item\",\"props\":{\"button_style\":\"link-text\",\"icon_align\":\"left\",\"icon\":\"receiver\",\"content\":\"+43 1 9974455\",\"link\":\"tel:+4319974455\"}}],\"name\":\"Telefon\"},{\"type\":\"button\",\"props\":{\"grid_column_gap\":\"small\",\"grid_row_gap\":\"small\",\"margin\":\"default\"},\"children\":[{\"type\":\"button_item\",\"props\":{\"button_style\":\"link-text\",\"icon_align\":\"left\",\"icon\":\"mail\",\"content\":\"office@sonnleitner-consulting.at\"}}],\"name\":\"Email\"},{\"type\":\"button\",\"props\":{\"grid_column_gap\":\"small\",\"grid_row_gap\":\"small\",\"margin\":\"default\"},\"children\":[{\"type\":\"button_item\",\"props\":{\"button_style\":\"link-text\",\"icon_align\":\"left\",\"icon\":\"world\",\"content\":\"www.sonnleitner-consulting.at\"}}],\"name\":\"WWW\"},{\"type\":\"text\",\"props\":{\"margin\":\"default\",\"column_breakpoint\":\"m\",\"content\":\"\n\n<p>\\u00a0<\\\/p>\\n\n\n<p><strong>Firmenbuchnummer<\\\/strong>: FN323930V<\\\/p>\\n\n\n<p><strong>Firmenbuchgericht<\\\/strong>: Handelsgericht Wien<\\\/p>\\n\n\n<p><strong>UID-Nummer<\\\/strong>: ATU 64760734<\\\/p>\\n\n\n<p><strong>Mitglied in der Kammer der Steuerberater und Wirtschaftspr\\u00fcfer (KSW)<br \\\/><\\\/strong><\\\/p>\\n\n\n<p><strong>Berufsaufsichtsbeh\\u00f6rde<\\\/strong>:<br \\\/>Kammer der Steuerberater und Wirtschaftspr\\u00fcfer (KSW)<\\\/p>\\n\n\n<p><strong>Berufsrechtliche Vorschriften<\\\/strong>:<br \\\/>Wirtschaftstreuhandberufsgesetz und Wirtschaftstreuhandberufs-Aus\\u00fcbungsrichtlinie<br \\\/>[<a href=\\\"http:\\\/\\\/www.ris.bka.gv.at\\\/\\\" target=\\\"_blank\\\" rel=\\\"noopener\\\">www.ris.bka.gv.at<\\\/a>\\u00a0bzw. Kammer der Steuerberater und Wirtschaftspr\\u00fcfer (KSW)]<\\\/p>\\n\n\n<p><strong>Ort der Verleihung der Berufsberechtigung<\\\/strong>:<br \\\/>\\u00d6sterreich<\\\/p>\\n\n\n<p><strong>Mitglied der Wirtschaftskammer Wien<\\\/strong><br \\\/>Gewerbe: Sparte Information und Consulting, Unternehmensberatung und Informationstechnologie<\\\/p>\\n\n\n<p><a href=\\\"https:\\\/\\\/www.wkoecg.at\\\/Web\\\/Ecg.aspx?FirmaID=51d260b0-2745-4fee-be78-6551bd62c5fb&amp;_ga=2.56542446.434002625.1587784647-533667774.1575152312\\\" target=\\\"blank\\\"><img class=\\\"alignnone size-full wp-image-411\\\" src=\\\"https:\\\/\\\/www.sonnleitner-consulting.at\\\/www\\\/wp-content\\\/uploads\\\/ecg.png\\\" alt=\\\"\\\" width=\\\"169\\\" height=\\\"23\\\" \\\/><\\\/a><\\\/p>\"},\"name\":\"Legal\"}]}]},{\"name\":\"\",\"type\":\"row\",\"props\":{\"layout\":\"1-3,2-3\",\"width\":\"default\"},\"children\":[{\"name\":\"\",\"type\":\"column\",\"props\":{\"image_position\":\"center-center\",\"media_overlay_gradient\":\"\",\"width_medium\":\"1-3\"},\"children\":[{\"name\":\"\",\"type\":\"headline\",\"props\":{\"title_element\":\"h3\",\"title_decoration\":\"bullet\",\"content\":\"HAFTUNG F\\u00dcR INHALTE\",\"id\":\"our-story\"}}]},{\"name\":\"\",\"type\":\"column\",\"props\":{\"image_position\":\"center-center\",\"media_overlay_gradient\":\"\",\"width_medium\":\"2-3\"},\"children\":[{\"type\":\"divider\",\"props\":{\"divider_element\":\"hr\",\"divider_style\":\"\",\"divider_align\":\"\",\"divider_align_breakpoint\":\"\",\"divider_align_fallback\":\"\",\"margin_remove_bottom\":true,\"margin_remove_top\":true}},{\"name\":\"\",\"type\":\"text\",\"props\":{\"column_breakpoint\":\"m\",\"text_align\":\"justify\",\"margin\":\"default\",\"content\":\"\n\n<div class=\\\"el-content uk-panel uk-margin-top\\\">\\n\n\n<p>S\\u00e4mtliche Texte auf der Website wurden sorgf\\u00e4ltig gepr\\u00fcft. Dessen ungeachtet kann keine Garantie f\\u00fcr Richtigkeit, Vollst\\u00e4ndigkeit und Aktualit\\u00e4t der Angaben \\u00fcbernommen werden.<\\\/p>\\n\n\n<p>Bei den Texten dieser Website handelt es sich um \\u00e4u\\u00dferst komplexe und schwierige Rechtsgebiete, die auch einem st\\u00e4ndigen Wandel durch Gesetzes\\u00e4nderungen sowie durch \\u00c4nderungen der Verwaltungspraxis und der Judikatur unterliegen. Die Autoren der Beitr\\u00e4ge sind bem\\u00fcht, den Lesern dieser Website immer die aktuellsten Informationen zu liefern, die Inhalte einzelner Beitr\\u00e4ge k\\u00f6nnen allerdings rasch \\u00fcberholt sein.<\\\/p>\\n\n\n<p>Trotz gr\\u00f6\\u00dftm\\u00f6glicher Sorgfalt kann keine Haftung f\\u00fcr die Korrektheit, Vollst\\u00e4ndigkeit und Aktualit\\u00e4t der Inhalte dieser Webseite \\u00fcbernommen werden. \\u00c4nderungen bleiben vorbehalten. Alle hier abrufbaren Informationen werden nur zum Zweck allgemeiner Information bereitgestellt und stellen in keinem Falle eine verbindliche Auskunft dar. Es wird keine Haftung f\\u00fcr jedwede direkten oder indirekten Sch\\u00e4den bzw. Folgesch\\u00e4den, die sich aus der Nutzung dieser Webseite ergeben, \\u00fcbernommen. Dieser Haftungsausschluss beinhaltet auch Sch\\u00e4den durch Computerviren, Computerw\\u00fcrmer, Trojaner oder \\u00e4hnliche Schadsoftware. Unser Angebot enth\\u00e4lt Links zu externen Webseiten Dritter, auf deren Inhalte wir keinen Einfluss haben. Externe Webseiten sind von dieser Website g\\u00e4nzlich unabh\\u00e4ngig und entziehen sich unserer Einflussnahme sowie Kontrolle. F\\u00fcr Inhalte externer Websites wird daher keine Verantwortung \\u00fcbernommen, vor allem nicht f\\u00fcr ihre Richtigkeit, Vollst\\u00e4ndigkeit, Aktualit\\u00e4t oder Gesetzm\\u00e4\\u00dfigkeit.<\\\/p>\\n<\\\/div>\",\"dropcap\":false}}]}]},{\"name\":\"\",\"type\":\"row\",\"props\":{\"layout\":\"1-3,2-3\",\"width\":\"default\"},\"children\":[{\"name\":\"\",\"type\":\"column\",\"props\":{\"image_position\":\"center-center\",\"media_overlay_gradient\":\"\",\"width_medium\":\"1-3\"},\"children\":[{\"name\":\"\",\"type\":\"headline\",\"props\":{\"title_element\":\"h3\",\"title_decoration\":\"bullet\",\"content\":\"URHEBERRECHT\",\"id\":\"our-story\"}}]},{\"name\":\"\",\"type\":\"column\",\"props\":{\"image_position\":\"center-center\",\"media_overlay_gradient\":\"\",\"width_medium\":\"2-3\"},\"children\":[{\"type\":\"divider\",\"props\":{\"divider_element\":\"hr\",\"divider_style\":\"\",\"divider_align\":\"\",\"divider_align_breakpoint\":\"\",\"divider_align_fallback\":\"\",\"margin_remove_bottom\":true,\"margin_remove_top\":true}},{\"name\":\"\",\"type\":\"text\",\"props\":{\"column_breakpoint\":\"m\",\"text_align\":\"justify\",\"margin\":\"default\",\"content\":\"\n\n<p>Alle Inhalte und Werke auf dieser Webseite unterliegen dem Urheberrecht. Vervielf\\u00e4ltigung, Bearbeitung, Verbreitung und jede Art der Verwertung bedarf der schriftlichen Zustimmung des jeweiligen Autors bzw. Erstellers (soweit nicht anders angegeben sowie im Rahmen der G\\u00fcltigkeit des Urheberrechts). Downloads und Kopien dieser Seite sind nicht gestattet.<\\\/p>\\n\n\n<div class=\\\"el-content uk-panel uk-margin-top\\\">\\u00a0<\\\/div>\",\"dropcap\":false}}]}]},{\"name\":\"\",\"type\":\"row\",\"props\":{\"layout\":\"1-3,2-3\",\"width\":\"default\"},\"children\":[{\"name\":\"\",\"type\":\"column\",\"props\":{\"image_position\":\"center-center\",\"media_overlay_gradient\":\"\",\"width_medium\":\"1-3\"},\"children\":[{\"name\":\"\",\"type\":\"headline\",\"props\":{\"title_element\":\"h3\",\"title_decoration\":\"bullet\",\"content\":\"DISCLAIMER\",\"id\":\"our-story\"}}]},{\"name\":\"\",\"type\":\"column\",\"props\":{\"image_position\":\"center-center\",\"media_overlay_gradient\":\"\",\"width_medium\":\"2-3\"},\"children\":[{\"type\":\"divider\",\"props\":{\"divider_element\":\"hr\",\"divider_style\":\"\",\"divider_align\":\"\",\"divider_align_breakpoint\":\"\",\"divider_align_fallback\":\"\",\"margin_remove_bottom\":true,\"margin_remove_top\":true}},{\"name\":\"\",\"type\":\"text\",\"props\":{\"column_breakpoint\":\"m\",\"text_align\":\"justify\",\"margin\":\"default\",\"content\":\"\n\n<p>Die auf der Webseite der Sonnleitner Consulting &amp; Steuerberatung GmbH\\u00a0dargestellten Informationen enthalten lediglich allgemeine Hinweise. Sie ersetzen nicht die erforderliche individuelle Beratung auf der Grundlage eines konkret zu beurteilenden Sachverhaltes. F\\u00fcr die Richtigkeit und Vollst\\u00e4ndigkeit der dargestellten Informationen \\u00fcbernimmt die Sonnleitner Consulting &amp; Steuerberatung GmbH\\u00a0keine Verantwortung.<\\\/p>\",\"dropcap\":false}}]}]},{\"name\":\"\",\"type\":\"row\",\"props\":{\"layout\":\"1-3,2-3\",\"width\":\"default\"},\"children\":[{\"name\":\"\",\"type\":\"column\",\"props\":{\"image_position\":\"center-center\",\"media_overlay_gradient\":\"\",\"width_medium\":\"1-3\"},\"children\":[{\"name\":\"\",\"type\":\"headline\",\"props\":{\"title_element\":\"h3\",\"title_decoration\":\"bullet\",\"content\":\"DATENSCHUTZ\",\"id\":\"our-story\"}}]},{\"name\":\"\",\"type\":\"column\",\"props\":{\"image_position\":\"center-center\",\"media_overlay_gradient\":\"\",\"width_medium\":\"2-3\"},\"children\":[{\"type\":\"divider\",\"props\":{\"divider_element\":\"hr\",\"divider_style\":\"\",\"divider_align\":\"\",\"divider_align_breakpoint\":\"\",\"divider_align_fallback\":\"\",\"margin_remove_bottom\":true,\"margin_remove_top\":true}},{\"name\":\"\",\"type\":\"text\",\"props\":{\"column_breakpoint\":\"m\",\"text_align\":\"justify\",\"margin\":\"default\",\"content\":\"\n\n<p>Erfahren Sie alles \\u00fcber <a href=\\\"https:\\\/\\\/www.sonnleitner-consulting.at\\\/www\\\/kontakt\\\/datenschutz\\\/\\\">unsere Datenschutzbestimmungen<\\\/a><\\\/p>\",\"dropcap\":false}}]}]}],\"name\":\"Content\"}],\"version\":\"2.6.8\"} --><\/p>\n","protected":false},"excerpt":{"rendered":"<p>Impressum FIRMENDATEN Sonnleitner Consulting &amp; Steuerberatung GmbH Rathausstra\u00dfe 21 , 1010 Wien, \u00d6sterreich +43 1 9974455 office@sonnleitner-consulting.at www.sonnleitner-consulting.at \u00a0 Firmenbuchnummer: FN323930V Firmenbuchgericht: Handelsgericht Wien UID-Nummer: ATU 64760734 Mitglied in der Kammer der Steuerberater und Wirtschaftspr\u00fcfer (KSW) Berufsaufsichtsbeh\u00f6rde:Kammer der Steuerberater und Wirtschaftspr\u00fcfer (KSW) Berufsrechtliche Vorschriften:Wirtschaftstreuhandberufsgesetz und Wirtschaftstreuhandberufs-Aus\u00fcbungsrichtlinie[www.ris.bka.gv.at\u00a0bzw. Kammer der Steuerberater und Wirtschaftspr\u00fcfer (KSW)] Ort der Verleihung [&hellip;]<\/p>\n","protected":false},"author":1,"featured_media":0,"parent":22,"menu_order":0,"comment_status":"closed","ping_status":"closed","template":"","meta":{"_monsterinsights_skip_tracking":false,"_monsterinsights_sitenote_active":false,"_monsterinsights_sitenote_note":"","_monsterinsights_sitenote_category":0,"footnotes":""},"class_list":["post-391","page","type-page","status-publish","hentry"],"_links":{"self":[{"href":"https:\/\/www.sonnleitner-consulting.at\/www\/wp-json\/wp\/v2\/pages\/391","targetHints":{"allow":["GET"]}}],"collection":[{"href":"https:\/\/www.sonnleitner-consulting.at\/www\/wp-json\/wp\/v2\/pages"}],"about":[{"href":"https:\/\/www.sonnleitner-consulting.at\/www\/wp-json\/wp\/v2\/types\/page"}],"author":[{"embeddable":true,"href":"https:\/\/www.sonnleitner-consulting.at\/www\/wp-json\/wp\/v2\/users\/1"}],"replies":[{"embeddable":true,"href":"https:\/\/www.sonnleitner-consulting.at\/www\/wp-json\/wp\/v2\/comments?post=391"}],"version-history":[{"count":55,"href":"https:\/\/www.sonnleitner-consulting.at\/www\/wp-json\/wp\/v2\/pages\/391\/revisions"}],"predecessor-version":[{"id":1119,"href":"https:\/\/www.sonnleitner-consulting.at\/www\/wp-json\/wp\/v2\/pages\/391\/revisions\/1119"}],"up":[{"embeddable":true,"href":"https:\/\/www.sonnleitner-consulting.at\/www\/wp-json\/wp\/v2\/pages\/22"}],"wp:attachment":[{"href":"https:\/\/www.sonnleitner-consulting.at\/www\/wp-json\/wp\/v2\/media?parent=391"}],"curies":[{"name":"wp","href":"https:\/\/api.w.org\/{rel}","templated":true}]}}